{"id":827,"date":"2021-12-01T12:09:04","date_gmt":"2021-12-01T11:09:04","guid":{"rendered":"http:\/\/wp10561429.server-he.de\/?page_id=827"},"modified":"2021-12-01T12:13:56","modified_gmt":"2021-12-01T11:13:56","slug":"gemeinschaftssiedlung-lochau","status":"publish","type":"page","link":"http:\/\/wp10561429.server-he.de\/index.php\/gemeinschaftssiedlung-lochau\/","title":{"rendered":"Gemeinschaftssiedlung | Lochau"},"content":{"rendered":"\t\t<div data-elementor-type=\"wp-page\" data-elementor-id=\"827\" class=\"elementor elementor-827\" data-elementor-settings=\"[]\">\n\t\t\t\t\t\t\t<div class=\"elementor-section-wrap\">\n\t\t\t\t\t\t\t<section class=\"elementor-section elementor-top-section elementor-element elementor-element-fe96db9 elementor-section-boxed elementor-section-height-default elementor-section-height-default\" data-id=\"fe96db9\" data-element_type=\"section\">\n\t\t\t\t\t\t<div class=\"elementor-container elementor-column-gap-default\">\n\t\t\t\t\t<div class=\"elementor-column elementor-col-100 elementor-top-column elementor-element elementor-element-daac203\" data-id=\"daac203\" data-element_type=\"column\">\n\t\t\t<div class=\"elementor-widget-wrap elementor-element-populated\">\n\t\t\t\t\t\t\t\t<div class=\"elementor-element elementor-element-c9405e8 elementor-widget elementor-widget-heading\" data-id=\"c9405e8\" data-element_type=\"widget\" data-widget_type=\"heading.default\">\n\t\t\t\t<div class=\"elementor-widget-container\">\n\t\t\t<h2 class=\"elementor-heading-title elementor-size-default\">Gemeinschaftssiedlung | Lochau<\/h2>\t\t<\/div>\n\t\t\t\t<\/div>\n\t\t\t\t\t<\/div>\n\t\t<\/div>\n\t\t\t\t\t\t\t<\/div>\n\t\t<\/section>\n\t\t\t\t<section class=\"elementor-section elementor-top-section elementor-element elementor-element-4a23f69 elementor-section-boxed elementor-section-height-default elementor-section-height-default\" data-id=\"4a23f69\" data-element_type=\"section\">\n\t\t\t\t\t\t<div class=\"elementor-container elementor-column-gap-default\">\n\t\t\t\t\t<div class=\"elementor-column elementor-col-100 elementor-top-column elementor-element elementor-element-44e30af\" data-id=\"44e30af\" data-element_type=\"column\">\n\t\t\t<div class=\"elementor-widget-wrap elementor-element-populated\">\n\t\t\t\t\t\t\t\t<div class=\"elementor-element elementor-element-5885cc8 elementor-widget-divider--view-line elementor-widget elementor-widget-divider\" data-id=\"5885cc8\" data-element_type=\"widget\" data-widget_type=\"divider.default\">\n\t\t\t\t<div class=\"elementor-widget-container\">\n\t\t\t\t\t<div class=\"elementor-divider\">\n\t\t\t<span class=\"elementor-divider-separator\">\n\t\t\t\t\t\t<\/span>\n\t\t<\/div>\n\t\t\t\t<\/div>\n\t\t\t\t<\/div>\n\t\t\t\t\t<\/div>\n\t\t<\/div>\n\t\t\t\t\t\t\t<\/div>\n\t\t<\/section>\n\t\t\t\t<section class=\"elementor-section elementor-top-section elementor-element elementor-element-4b860eb elementor-section-boxed elementor-section-height-default elementor-section-height-default\" data-id=\"4b860eb\" data-element_type=\"section\">\n\t\t\t\t\t\t<div class=\"elementor-container elementor-column-gap-default\">\n\t\t\t\t\t<div class=\"elementor-column elementor-col-100 elementor-top-column elementor-element elementor-element-89279f8\" data-id=\"89279f8\" data-element_type=\"column\">\n\t\t\t<div class=\"elementor-widget-wrap elementor-element-populated\">\n\t\t\t\t\t\t\t\t<div class=\"elementor-element elementor-element-94848bc elementor-widget elementor-widget-text-editor\" data-id=\"94848bc\" data-element_type=\"widget\" data-widget_type=\"text-editor.default\">\n\t\t\t\t<div class=\"elementor-widget-container\">\n\t\t\t\t\t\t\t<h4 class=\"paragraph_style_4\">Die Bauaufgabe &#8211; Der Vorentwurf:<br \/><br \/><\/h4><p>Errichtung von ca. 64 hochwertigen Eigentumswohnungen, in verschiedenen Bauk\u00f6rpern entlang einer Hangsituation mit Blick gen Westen auf den Bodensee.<\/p><p class=\"paragraph_style_5\">Einige Einheiten k\u00f6nnen vertikal oder horizontal gekoppelt werden. Das Grundst\u00fcck hat ca. 12.500 qm<\/p><p class=\"paragraph_style_5\">Die \u00fcberdachten Stellpl\u00e4tze des Carsharingpools befinden sich im Hang.<\/p><p class=\"paragraph_style_5\">Auf drei Ebenen befinden sich die Eingangsbereiche, auf der Man findet Gemeinschaftseinheiten, Fittness- und Wellness Landschaften.<\/p><p class=\"paragraph_style_5\">Die Energie wird autark mittels verschiedener regenerativen Energieerzeugung erschaffen.<\/p><p class=\"paragraph_style_4\">Es soll die Idee der Neuen nachbarschaften Vorarlberg verwirklicht werden.<\/p><p class=\"paragraph_style_6\">\u2022 Die Geb\u00e4ude sind \u00f6kologisch und energieeffizient errichtet<\/p><p class=\"paragraph_style_6\">\u2022 Offene Architektursprache, freie Begehbarkeit<\/p><p class=\"paragraph_style_6\">\u2022 Platz f\u00fcr weiteres Wachstum oder Ver\u00e4nderungen<\/p><p class=\"paragraph_style_6\">\u2022 Mobilit\u00e4tskonzept, ruhender Verkehr<\/p><p class=\"paragraph_style_7\">\u2022 Der Wohnungsschl\u00fcssel bietet vom Einzimmer Apartment bis zur 10 Zimmer &#8211; Wohnung Raum f\u00fcr die verschiedensten Entfaltungsformen<\/p><p class=\"paragraph_style_6\">\u2022 Diversitiy spricht die verschiedensten Menschen an<\/p><p class=\"paragraph_style_6\">\u2022 Vom Jugendlichen bis zu Senior, Menschen verschiedenster Herkunft und Hautfarbe<\/p><p class=\"paragraph_style_6\">\u2022 Halb\u00f6ffentliche R\u00e4ume und Pl\u00e4tze laden zum Verweilen und zum Kommunizieren ein<\/p><p class=\"paragraph_style_6\">\u2022 Wohnraumtausch M\u00f6glichkeiten<\/p><p class=\"paragraph_style_6\">\u2022 Kinderspielpl\u00e4tze Indoor und Outdoor<\/p><p class=\"paragraph_style_6\">\u2022 Selbstbetriebenes Restaurant und Cafeteria f\u00fcr Bewohner und Besucher<\/p><p class=\"paragraph_style_6\">\u2022 R\u00e4ume und Wohnungen zum Probewohnen<\/p><p class=\"paragraph_style_6\">\u2022 Gemeinschaftsk\u00fcchen<\/p><p class=\"paragraph_style_6\">\u2022 Selbstversorgung durch verschiedene Konzepte wie z.B. Permakulturen, eigene Selbstversorger G\u00e4rten, Aquaponik Anlagen<\/p><p class=\"paragraph_style_6\">\u2022 Multifunktionale R\u00e4ume f\u00fcr Seminare, Bildungsveranstaltungen<\/p>\t\t\t\t\t\t<\/div>\n\t\t\t\t<\/div>\n\t\t\t\t\t<\/div>\n\t\t<\/div>\n\t\t\t\t\t\t\t<\/div>\n\t\t<\/section>\n\t\t\t\t<section class=\"elementor-section elementor-top-section elementor-element elementor-element-64c5dc8 elementor-section-boxed elementor-section-height-default elementor-section-height-default\" data-id=\"64c5dc8\" data-element_type=\"section\">\n\t\t\t\t\t\t<div class=\"elementor-container elementor-column-gap-default\">\n\t\t\t\t\t<div class=\"elementor-column elementor-col-100 elementor-top-column elementor-element elementor-element-18824dd\" data-id=\"18824dd\" data-element_type=\"column\">\n\t\t\t<div class=\"elementor-widget-wrap elementor-element-populated\">\n\t\t\t\t\t\t\t\t<div class=\"elementor-element elementor-element-47fb575 elementor-widget-divider--view-line elementor-widget elementor-widget-divider\" data-id=\"47fb575\" data-element_type=\"widget\" data-widget_type=\"divider.default\">\n\t\t\t\t<div class=\"elementor-widget-container\">\n\t\t\t\t\t<div class=\"elementor-divider\">\n\t\t\t<span class=\"elementor-divider-separator\">\n\t\t\t\t\t\t<\/span>\n\t\t<\/div>\n\t\t\t\t<\/div>\n\t\t\t\t<\/div>\n\t\t\t\t\t<\/div>\n\t\t<\/div>\n\t\t\t\t\t\t\t<\/div>\n\t\t<\/section>\n\t\t\t\t<section class=\"elementor-section elementor-top-section elementor-element elementor-element-d3f635f elementor-section-boxed elementor-section-height-default elementor-section-height-default\" data-id=\"d3f635f\" data-element_type=\"section\">\n\t\t\t\t\t\t<div class=\"elementor-container elementor-column-gap-default\">\n\t\t\t\t\t<div class=\"elementor-column elementor-col-100 elementor-top-column elementor-element elementor-element-9da2700\" data-id=\"9da2700\" data-element_type=\"column\">\n\t\t\t<div class=\"elementor-widget-wrap elementor-element-populated\">\n\t\t\t\t\t\t\t\t<div class=\"elementor-element elementor-element-69c6ea3 elementor-widget elementor-widget-image-gallery\" data-id=\"69c6ea3\" data-element_type=\"widget\" data-widget_type=\"image-gallery.default\">\n\t\t\t\t<div class=\"elementor-widget-container\">\n\t\t\t\t\t<div class=\"elementor-image-gallery\">\n\t\t\t\n\t\t<style type=\"text\/css\">\n\t\t\t#gallery-1 {\n\t\t\t\tmargin: auto;\n\t\t\t}\n\t\t\t#gallery-1 .gallery-item {\n\t\t\t\tfloat: left;\n\t\t\t\tmargin-top: 10px;\n\t\t\t\ttext-align: center;\n\t\t\t\twidth: 25%;\n\t\t\t}\n\t\t\t#gallery-1 img {\n\t\t\t\tborder: 2px solid #cfcfcf;\n\t\t\t}\n\t\t\t#gallery-1 .gallery-caption {\n\t\t\t\tmargin-left: 0;\n\t\t\t}\n\t\t\t\/* see gallery_shortcode() in wp-includes\/media.php *\/\n\t\t<\/style>\n\t\t<div id='gallery-1' class='gallery galleryid-827 gallery-columns-4 gallery-size-thumbnail'><dl class='gallery-item'>\n\t\t\t<dt class='gallery-icon landscape'>\n\t\t\t\t<a data-elementor-open-lightbox=\"yes\" data-elementor-lightbox-slideshow=\"69c6ea3\" data-elementor-lightbox-title=\"1\" href='http:\/\/wp10561429.server-he.de\/wp-content\/uploads\/2021\/12\/1-3.jpg'><img loading=\"lazy\" decoding=\"async\" width=\"150\" height=\"150\" src=\"http:\/\/wp10561429.server-he.de\/wp-content\/uploads\/2021\/12\/1-3-150x150.jpg\" class=\"attachment-thumbnail size-thumbnail\" alt=\"\" \/><\/a>\n\t\t\t<\/dt><\/dl><dl class='gallery-item'>\n\t\t\t<dt class='gallery-icon landscape'>\n\t\t\t\t<a data-elementor-open-lightbox=\"yes\" data-elementor-lightbox-slideshow=\"69c6ea3\" data-elementor-lightbox-title=\"1_1\" href='http:\/\/wp10561429.server-he.de\/wp-content\/uploads\/2021\/12\/1_1.jpg'><img loading=\"lazy\" decoding=\"async\" width=\"150\" height=\"150\" src=\"http:\/\/wp10561429.server-he.de\/wp-content\/uploads\/2021\/12\/1_1-150x150.jpg\" class=\"attachment-thumbnail size-thumbnail\" alt=\"\" \/><\/a>\n\t\t\t<\/dt><\/dl><dl class='gallery-item'>\n\t\t\t<dt class='gallery-icon landscape'>\n\t\t\t\t<a data-elementor-open-lightbox=\"yes\" data-elementor-lightbox-slideshow=\"69c6ea3\" data-elementor-lightbox-title=\"2\" href='http:\/\/wp10561429.server-he.de\/wp-content\/uploads\/2021\/12\/2-3.jpg'><img loading=\"lazy\" decoding=\"async\" width=\"150\" height=\"150\" src=\"http:\/\/wp10561429.server-he.de\/wp-content\/uploads\/2021\/12\/2-3-150x150.jpg\" class=\"attachment-thumbnail size-thumbnail\" alt=\"\" \/><\/a>\n\t\t\t<\/dt><\/dl><dl class='gallery-item'>\n\t\t\t<dt class='gallery-icon landscape'>\n\t\t\t\t<a data-elementor-open-lightbox=\"yes\" data-elementor-lightbox-slideshow=\"69c6ea3\" data-elementor-lightbox-title=\"2_1\" href='http:\/\/wp10561429.server-he.de\/wp-content\/uploads\/2021\/12\/2_1.jpg'><img loading=\"lazy\" decoding=\"async\" width=\"150\" height=\"150\" src=\"http:\/\/wp10561429.server-he.de\/wp-content\/uploads\/2021\/12\/2_1-150x150.jpg\" class=\"attachment-thumbnail size-thumbnail\" alt=\"\" \/><\/a>\n\t\t\t<\/dt><\/dl><br style=\"clear: both\" \/><dl class='gallery-item'>\n\t\t\t<dt class='gallery-icon landscape'>\n\t\t\t\t<a data-elementor-open-lightbox=\"yes\" data-elementor-lightbox-slideshow=\"69c6ea3\" data-elementor-lightbox-title=\"3\" href='http:\/\/wp10561429.server-he.de\/wp-content\/uploads\/2021\/12\/3-3.jpg'><img loading=\"lazy\" decoding=\"async\" width=\"150\" height=\"150\" src=\"http:\/\/wp10561429.server-he.de\/wp-content\/uploads\/2021\/12\/3-3-150x150.jpg\" class=\"attachment-thumbnail size-thumbnail\" alt=\"\" \/><\/a>\n\t\t\t<\/dt><\/dl><dl class='gallery-item'>\n\t\t\t<dt class='gallery-icon landscape'>\n\t\t\t\t<a data-elementor-open-lightbox=\"yes\" data-elementor-lightbox-slideshow=\"69c6ea3\" data-elementor-lightbox-title=\"5\" href='http:\/\/wp10561429.server-he.de\/wp-content\/uploads\/2021\/12\/5-1.jpg'><img loading=\"lazy\" decoding=\"async\" width=\"150\" height=\"150\" src=\"http:\/\/wp10561429.server-he.de\/wp-content\/uploads\/2021\/12\/5-1-150x150.jpg\" class=\"attachment-thumbnail size-thumbnail\" alt=\"\" \/><\/a>\n\t\t\t<\/dt><\/dl><dl class='gallery-item'>\n\t\t\t<dt class='gallery-icon landscape'>\n\t\t\t\t<a data-elementor-open-lightbox=\"yes\" data-elementor-lightbox-slideshow=\"69c6ea3\" data-elementor-lightbox-title=\"6\" href='http:\/\/wp10561429.server-he.de\/wp-content\/uploads\/2021\/12\/6.jpg'><img loading=\"lazy\" decoding=\"async\" width=\"150\" height=\"150\" src=\"http:\/\/wp10561429.server-he.de\/wp-content\/uploads\/2021\/12\/6-150x150.jpg\" class=\"attachment-thumbnail size-thumbnail\" alt=\"\" \/><\/a>\n\t\t\t<\/dt><\/dl><dl class='gallery-item'>\n\t\t\t<dt class='gallery-icon landscape'>\n\t\t\t\t<a data-elementor-open-lightbox=\"yes\" data-elementor-lightbox-slideshow=\"69c6ea3\" data-elementor-lightbox-title=\"9\" href='http:\/\/wp10561429.server-he.de\/wp-content\/uploads\/2021\/12\/9.jpg'><img loading=\"lazy\" decoding=\"async\" width=\"150\" height=\"150\" src=\"http:\/\/wp10561429.server-he.de\/wp-content\/uploads\/2021\/12\/9-150x150.jpg\" class=\"attachment-thumbnail size-thumbnail\" alt=\"\" \/><\/a>\n\t\t\t<\/dt><\/dl><br style=\"clear: both\" \/><dl class='gallery-item'>\n\t\t\t<dt class='gallery-icon landscape'>\n\t\t\t\t<a data-elementor-open-lightbox=\"yes\" data-elementor-lightbox-slideshow=\"69c6ea3\" data-elementor-lightbox-title=\"10\" href='http:\/\/wp10561429.server-he.de\/wp-content\/uploads\/2021\/12\/10.jpg'><img loading=\"lazy\" decoding=\"async\" width=\"150\" height=\"150\" src=\"http:\/\/wp10561429.server-he.de\/wp-content\/uploads\/2021\/12\/10-150x150.jpg\" class=\"attachment-thumbnail size-thumbnail\" alt=\"\" \/><\/a>\n\t\t\t<\/dt><\/dl><dl class='gallery-item'>\n\t\t\t<dt class='gallery-icon landscape'>\n\t\t\t\t<a data-elementor-open-lightbox=\"yes\" data-elementor-lightbox-slideshow=\"69c6ea3\" data-elementor-lightbox-title=\"11\" href='http:\/\/wp10561429.server-he.de\/wp-content\/uploads\/2021\/12\/11.jpg'><img loading=\"lazy\" decoding=\"async\" width=\"150\" height=\"150\" src=\"http:\/\/wp10561429.server-he.de\/wp-content\/uploads\/2021\/12\/11-150x150.jpg\" class=\"attachment-thumbnail size-thumbnail\" alt=\"\" \/><\/a>\n\t\t\t<\/dt><\/dl><dl class='gallery-item'>\n\t\t\t<dt class='gallery-icon landscape'>\n\t\t\t\t<a data-elementor-open-lightbox=\"yes\" data-elementor-lightbox-slideshow=\"69c6ea3\" data-elementor-lightbox-title=\"12\" href='http:\/\/wp10561429.server-he.de\/wp-content\/uploads\/2021\/12\/12.jpg'><img loading=\"lazy\" decoding=\"async\" width=\"150\" height=\"150\" src=\"http:\/\/wp10561429.server-he.de\/wp-content\/uploads\/2021\/12\/12-150x150.jpg\" class=\"attachment-thumbnail size-thumbnail\" alt=\"\" \/><\/a>\n\t\t\t<\/dt><\/dl><dl class='gallery-item'>\n\t\t\t<dt class='gallery-icon landscape'>\n\t\t\t\t<a data-elementor-open-lightbox=\"yes\" data-elementor-lightbox-slideshow=\"69c6ea3\" data-elementor-lightbox-title=\"Lochau - Am Vogel\" href='http:\/\/wp10561429.server-he.de\/wp-content\/uploads\/2021\/12\/Lochau-Am-Vogel.jpg'><img loading=\"lazy\" decoding=\"async\" width=\"150\" height=\"150\" src=\"http:\/\/wp10561429.server-he.de\/wp-content\/uploads\/2021\/12\/Lochau-Am-Vogel-150x150.jpg\" class=\"attachment-thumbnail size-thumbnail\" alt=\"\" \/><\/a>\n\t\t\t<\/dt><\/dl><br style=\"clear: both\" \/>\n\t\t<\/div>\n\t\t<\/div>\n\t\t\t\t<\/div>\n\t\t\t\t<\/div>\n\t\t\t\t\t<\/div>\n\t\t<\/div>\n\t\t\t\t\t\t\t<\/div>\n\t\t<\/section>\n\t\t\t\t<section class=\"elementor-section elementor-top-section elementor-element elementor-element-7309826 elementor-section-boxed elementor-section-height-default elementor-section-height-default\" data-id=\"7309826\" data-element_type=\"section\">\n\t\t\t\t\t\t<div class=\"elementor-container elementor-column-gap-default\">\n\t\t\t\t\t<div class=\"elementor-column elementor-col-100 elementor-top-column elementor-element elementor-element-5e5c867\" data-id=\"5e5c867\" data-element_type=\"column\">\n\t\t\t<div class=\"elementor-widget-wrap elementor-element-populated\">\n\t\t\t\t\t\t\t\t<div class=\"elementor-element elementor-element-f0d2bf1 elementor-widget-divider--view-line elementor-widget elementor-widget-divider\" data-id=\"f0d2bf1\" data-element_type=\"widget\" data-widget_type=\"divider.default\">\n\t\t\t\t<div class=\"elementor-widget-container\">\n\t\t\t\t\t<div class=\"elementor-divider\">\n\t\t\t<span class=\"elementor-divider-separator\">\n\t\t\t\t\t\t<\/span>\n\t\t<\/div>\n\t\t\t\t<\/div>\n\t\t\t\t<\/div>\n\t\t\t\t\t<\/div>\n\t\t<\/div>\n\t\t\t\t\t\t\t<\/div>\n\t\t<\/section>\n\t\t\t\t<section class=\"elementor-section elementor-top-section elementor-element elementor-element-d095ccd elementor-section-boxed elementor-section-height-default elementor-section-height-default\" data-id=\"d095ccd\" data-element_type=\"section\">\n\t\t\t\t\t\t<div class=\"elementor-container elementor-column-gap-default\">\n\t\t\t\t\t<div class=\"elementor-column elementor-col-100 elementor-top-column elementor-element elementor-element-379aed9\" data-id=\"379aed9\" data-element_type=\"column\">\n\t\t\t<div class=\"elementor-widget-wrap elementor-element-populated\">\n\t\t\t\t\t\t\t\t<div class=\"elementor-element elementor-element-22fa6da elementor-widget elementor-widget-button\" data-id=\"22fa6da\" data-element_type=\"widget\" data-widget_type=\"button.default\">\n\t\t\t\t<div class=\"elementor-widget-container\">\n\t\t\t\t\t<div class=\"elementor-button-wrapper\">\n\t\t\t<a href=\"http:\/\/wp10561429.server-he.de\/index.php\/projekte\/\" class=\"elementor-button-link elementor-button elementor-size-sm\" role=\"button\">\n\t\t\t\t\t\t<span class=\"elementor-button-content-wrapper\">\n\t\t\t\t\t\t<span class=\"elementor-button-text\">Zur\u00fcck zur Projekt\u00fcbersicht<\/span>\n\t\t<\/span>\n\t\t\t\t\t<\/a>\n\t\t<\/div>\n\t\t\t\t<\/div>\n\t\t\t\t<\/div>\n\t\t\t\t\t<\/div>\n\t\t<\/div>\n\t\t\t\t\t\t\t<\/div>\n\t\t<\/section>\n\t\t\t\t<section class=\"elementor-section elementor-top-section elementor-element elementor-element-1ff716d elementor-section-boxed elementor-section-height-default elementor-section-height-default\" data-id=\"1ff716d\" data-element_type=\"section\">\n\t\t\t\t\t\t<div class=\"elementor-container elementor-column-gap-default\">\n\t\t\t\t\t<div class=\"elementor-column elementor-col-100 elementor-top-column elementor-element elementor-element-8876453\" data-id=\"8876453\" data-element_type=\"column\">\n\t\t\t<div class=\"elementor-widget-wrap\">\n\t\t\t\t\t\t\t\t\t<\/div>\n\t\t<\/div>\n\t\t\t\t\t\t\t<\/div>\n\t\t<\/section>\n\t\t\t\t\t\t<\/div>\n\t\t\t\t\t<\/div>\n\t\t","protected":false},"excerpt":{"rendered":"<p>Gemeinschaftssiedlung | Lochau Die Bauaufgabe &#8211; Der Vorentwurf: Errichtung von ca. 64 hochwertigen Eigentumswohnungen, in verschiedenen Bauk\u00f6rpern entlang einer Hangsituation mit Blick gen Westen auf den Bodensee. Einige Einheiten k\u00f6nnen vertikal oder horizontal gekoppelt werden. Das Grundst\u00fcck hat ca. 12.500 qm Die \u00fcberdachten Stellpl\u00e4tze des Carsharingpools befinden sich im Hang. Auf drei Ebenen befinden sich [&hellip;]<\/p>\n","protected":false},"author":1,"featured_media":0,"parent":0,"menu_order":0,"comment_status":"closed","ping_status":"closed","template":"","meta":{"footnotes":""},"class_list":["post-827","page","type-page","status-publish","hentry"],"yoast_head":"<!-- This site is optimized with the Yoast SEO plugin v17.7.1 - https:\/\/yoast.com\/wordpress\/plugins\/seo\/ -->\n<title>Gemeinschaftssiedlung | Lochau - Coractur - Projektentwicklung<\/title>\n<meta name=\"robots\" content=\"index, follow, max-snippet:-1, max-image-preview:large, max-video-preview:-1\" \/>\n<link rel=\"canonical\" href=\"http:\/\/wp10561429.server-he.de\/index.php\/gemeinschaftssiedlung-lochau\/\" \/>\n<meta property=\"og:locale\" content=\"de_DE\" \/>\n<meta property=\"og:type\" content=\"article\" \/>\n<meta property=\"og:title\" content=\"Gemeinschaftssiedlung | Lochau - Coractur - Projektentwicklung\" \/>\n<meta property=\"og:description\" content=\"Gemeinschaftssiedlung | Lochau Die Bauaufgabe &#8211; Der Vorentwurf: Errichtung von ca. 64 hochwertigen Eigentumswohnungen, in verschiedenen Bauk\u00f6rpern entlang einer Hangsituation mit Blick gen Westen auf den Bodensee. Einige Einheiten k\u00f6nnen vertikal oder horizontal gekoppelt werden. Das Grundst\u00fcck hat ca. 12.500 qm Die \u00fcberdachten Stellpl\u00e4tze des Carsharingpools befinden sich im Hang. Auf drei Ebenen befinden sich [&hellip;]\" \/>\n<meta property=\"og:url\" content=\"http:\/\/wp10561429.server-he.de\/index.php\/gemeinschaftssiedlung-lochau\/\" \/>\n<meta property=\"og:site_name\" content=\"Coractur - Projektentwicklung\" \/>\n<meta property=\"article:modified_time\" content=\"2021-12-01T11:13:56+00:00\" \/>\n<meta property=\"og:image\" content=\"http:\/\/wp10561429.server-he.de\/wp-content\/uploads\/2021\/12\/1-3-150x150.jpg\" \/>\n<meta name=\"twitter:card\" content=\"summary_large_image\" \/>\n<meta name=\"twitter:label1\" content=\"Gesch\u00e4tzte Lesezeit\" \/>\n\t<meta name=\"twitter:data1\" content=\"1\u00a0Minute\" \/>\n<script type=\"application\/ld+json\" class=\"yoast-schema-graph\">{\"@context\":\"https:\/\/schema.org\",\"@graph\":[{\"@type\":\"WebSite\",\"@id\":\"http:\/\/wp10561429.server-he.de\/#website\",\"url\":\"http:\/\/wp10561429.server-he.de\/\",\"name\":\"Coractur - Projektentwicklung\",\"description\":\"Cornelius Architektur\",\"potentialAction\":[{\"@type\":\"SearchAction\",\"target\":{\"@type\":\"EntryPoint\",\"urlTemplate\":\"http:\/\/wp10561429.server-he.de\/?s={search_term_string}\"},\"query-input\":\"required name=search_term_string\"}],\"inLanguage\":\"de\"},{\"@type\":\"ImageObject\",\"@id\":\"http:\/\/wp10561429.server-he.de\/index.php\/gemeinschaftssiedlung-lochau\/#primaryimage\",\"inLanguage\":\"de\",\"url\":\"http:\/\/wp10561429.server-he.de\/wp-content\/uploads\/2021\/12\/1-3.jpg\",\"contentUrl\":\"http:\/\/wp10561429.server-he.de\/wp-content\/uploads\/2021\/12\/1-3.jpg\",\"width\":600,\"height\":410},{\"@type\":\"WebPage\",\"@id\":\"http:\/\/wp10561429.server-he.de\/index.php\/gemeinschaftssiedlung-lochau\/#webpage\",\"url\":\"http:\/\/wp10561429.server-he.de\/index.php\/gemeinschaftssiedlung-lochau\/\",\"name\":\"Gemeinschaftssiedlung | Lochau - Coractur - Projektentwicklung\",\"isPartOf\":{\"@id\":\"http:\/\/wp10561429.server-he.de\/#website\"},\"primaryImageOfPage\":{\"@id\":\"http:\/\/wp10561429.server-he.de\/index.php\/gemeinschaftssiedlung-lochau\/#primaryimage\"},\"datePublished\":\"2021-12-01T11:09:04+00:00\",\"dateModified\":\"2021-12-01T11:13:56+00:00\",\"breadcrumb\":{\"@id\":\"http:\/\/wp10561429.server-he.de\/index.php\/gemeinschaftssiedlung-lochau\/#breadcrumb\"},\"inLanguage\":\"de\",\"potentialAction\":[{\"@type\":\"ReadAction\",\"target\":[\"http:\/\/wp10561429.server-he.de\/index.php\/gemeinschaftssiedlung-lochau\/\"]}]},{\"@type\":\"BreadcrumbList\",\"@id\":\"http:\/\/wp10561429.server-he.de\/index.php\/gemeinschaftssiedlung-lochau\/#breadcrumb\",\"itemListElement\":[{\"@type\":\"ListItem\",\"position\":1,\"name\":\"Startseite\",\"item\":\"http:\/\/wp10561429.server-he.de\/\"},{\"@type\":\"ListItem\",\"position\":2,\"name\":\"Gemeinschaftssiedlung | Lochau\"}]}]}<\/script>\n<!-- \/ Yoast SEO plugin. -->","yoast_head_json":{"title":"Gemeinschaftssiedlung | Lochau - Coractur - Projektentwicklung","robots":{"index":"index","follow":"follow","max-snippet":"max-snippet:-1","max-image-preview":"max-image-preview:large","max-video-preview":"max-video-preview:-1"},"canonical":"http:\/\/wp10561429.server-he.de\/index.php\/gemeinschaftssiedlung-lochau\/","og_locale":"de_DE","og_type":"article","og_title":"Gemeinschaftssiedlung | Lochau - Coractur - Projektentwicklung","og_description":"Gemeinschaftssiedlung | Lochau Die Bauaufgabe &#8211; Der Vorentwurf: Errichtung von ca. 64 hochwertigen Eigentumswohnungen, in verschiedenen Bauk\u00f6rpern entlang einer Hangsituation mit Blick gen Westen auf den Bodensee. Einige Einheiten k\u00f6nnen vertikal oder horizontal gekoppelt werden. Das Grundst\u00fcck hat ca. 12.500 qm Die \u00fcberdachten Stellpl\u00e4tze des Carsharingpools befinden sich im Hang. Auf drei Ebenen befinden sich [&hellip;]","og_url":"http:\/\/wp10561429.server-he.de\/index.php\/gemeinschaftssiedlung-lochau\/","og_site_name":"Coractur - Projektentwicklung","article_modified_time":"2021-12-01T11:13:56+00:00","og_image":[{"url":"http:\/\/wp10561429.server-he.de\/wp-content\/uploads\/2021\/12\/1-3-150x150.jpg"}],"twitter_card":"summary_large_image","twitter_misc":{"Gesch\u00e4tzte Lesezeit":"1\u00a0Minute"},"schema":{"@context":"https:\/\/schema.org","@graph":[{"@type":"WebSite","@id":"http:\/\/wp10561429.server-he.de\/#website","url":"http:\/\/wp10561429.server-he.de\/","name":"Coractur - Projektentwicklung","description":"Cornelius Architektur","potentialAction":[{"@type":"SearchAction","target":{"@type":"EntryPoint","urlTemplate":"http:\/\/wp10561429.server-he.de\/?s={search_term_string}"},"query-input":"required name=search_term_string"}],"inLanguage":"de"},{"@type":"ImageObject","@id":"http:\/\/wp10561429.server-he.de\/index.php\/gemeinschaftssiedlung-lochau\/#primaryimage","inLanguage":"de","url":"http:\/\/wp10561429.server-he.de\/wp-content\/uploads\/2021\/12\/1-3.jpg","contentUrl":"http:\/\/wp10561429.server-he.de\/wp-content\/uploads\/2021\/12\/1-3.jpg","width":600,"height":410},{"@type":"WebPage","@id":"http:\/\/wp10561429.server-he.de\/index.php\/gemeinschaftssiedlung-lochau\/#webpage","url":"http:\/\/wp10561429.server-he.de\/index.php\/gemeinschaftssiedlung-lochau\/","name":"Gemeinschaftssiedlung | Lochau - Coractur - Projektentwicklung","isPartOf":{"@id":"http:\/\/wp10561429.server-he.de\/#website"},"primaryImageOfPage":{"@id":"http:\/\/wp10561429.server-he.de\/index.php\/gemeinschaftssiedlung-lochau\/#primaryimage"},"datePublished":"2021-12-01T11:09:04+00:00","dateModified":"2021-12-01T11:13:56+00:00","breadcrumb":{"@id":"http:\/\/wp10561429.server-he.de\/index.php\/gemeinschaftssiedlung-lochau\/#breadcrumb"},"inLanguage":"de","potentialAction":[{"@type":"ReadAction","target":["http:\/\/wp10561429.server-he.de\/index.php\/gemeinschaftssiedlung-lochau\/"]}]},{"@type":"BreadcrumbList","@id":"http:\/\/wp10561429.server-he.de\/index.php\/gemeinschaftssiedlung-lochau\/#breadcrumb","itemListElement":[{"@type":"ListItem","position":1,"name":"Startseite","item":"http:\/\/wp10561429.server-he.de\/"},{"@type":"ListItem","position":2,"name":"Gemeinschaftssiedlung | Lochau"}]}]}},"_links":{"self":[{"href":"http:\/\/wp10561429.server-he.de\/index.php\/wp-json\/wp\/v2\/pages\/827","targetHints":{"allow":["GET"]}}],"collection":[{"href":"http:\/\/wp10561429.server-he.de\/index.php\/wp-json\/wp\/v2\/pages"}],"about":[{"href":"http:\/\/wp10561429.server-he.de\/index.php\/wp-json\/wp\/v2\/types\/page"}],"author":[{"embeddable":true,"href":"http:\/\/wp10561429.server-he.de\/index.php\/wp-json\/wp\/v2\/users\/1"}],"replies":[{"embeddable":true,"href":"http:\/\/wp10561429.server-he.de\/index.php\/wp-json\/wp\/v2\/comments?post=827"}],"version-history":[{"count":4,"href":"http:\/\/wp10561429.server-he.de\/index.php\/wp-json\/wp\/v2\/pages\/827\/revisions"}],"predecessor-version":[{"id":843,"href":"http:\/\/wp10561429.server-he.de\/index.php\/wp-json\/wp\/v2\/pages\/827\/revisions\/843"}],"wp:attachment":[{"href":"http:\/\/wp10561429.server-he.de\/index.php\/wp-json\/wp\/v2\/media?parent=827"}],"curies":[{"name":"wp","href":"https:\/\/api.w.org\/{rel}","templated":true}]}}