{"id":1727,"date":"2021-12-08T09:24:07","date_gmt":"2021-12-08T08:24:07","guid":{"rendered":"http:\/\/wp10561429.server-he.de\/?page_id=1727"},"modified":"2021-12-08T09:32:30","modified_gmt":"2021-12-08T08:32:30","slug":"efh-ziel-fruemsen-ch","status":"publish","type":"page","link":"http:\/\/wp10561429.server-he.de\/index.php\/efh-ziel-fruemsen-ch\/","title":{"rendered":"EFH Ziel | Fr\u00fcmsen CH"},"content":{"rendered":"\t\t<div data-elementor-type=\"wp-page\" data-elementor-id=\"1727\" class=\"elementor elementor-1727\" data-elementor-settings=\"[]\">\n\t\t\t\t\t\t\t<div class=\"elementor-section-wrap\">\n\t\t\t\t\t\t\t<section class=\"elementor-section elementor-top-section elementor-element elementor-element-008863e elementor-section-boxed elementor-section-height-default elementor-section-height-default\" data-id=\"008863e\" data-element_type=\"section\">\n\t\t\t\t\t\t<div class=\"elementor-container elementor-column-gap-default\">\n\t\t\t\t\t<div class=\"elementor-column elementor-col-100 elementor-top-column elementor-element elementor-element-453e2b7\" data-id=\"453e2b7\" data-element_type=\"column\">\n\t\t\t<div class=\"elementor-widget-wrap elementor-element-populated\">\n\t\t\t\t\t\t\t\t<div class=\"elementor-element elementor-element-40cb890 elementor-widget elementor-widget-heading\" data-id=\"40cb890\" data-element_type=\"widget\" data-widget_type=\"heading.default\">\n\t\t\t\t<div class=\"elementor-widget-container\">\n\t\t\t<h2 class=\"elementor-heading-title elementor-size-default\">Neubau Einfamilienhaus Ziel | Fr\u00fcmsen<\/h2>\t\t<\/div>\n\t\t\t\t<\/div>\n\t\t\t\t\t<\/div>\n\t\t<\/div>\n\t\t\t\t\t\t\t<\/div>\n\t\t<\/section>\n\t\t\t\t<section class=\"elementor-section elementor-top-section elementor-element elementor-element-05f05e9 elementor-section-boxed elementor-section-height-default elementor-section-height-default\" data-id=\"05f05e9\" data-element_type=\"section\">\n\t\t\t\t\t\t<div class=\"elementor-container elementor-column-gap-default\">\n\t\t\t\t\t<div class=\"elementor-column elementor-col-100 elementor-top-column elementor-element elementor-element-ecf01b6\" data-id=\"ecf01b6\" data-element_type=\"column\">\n\t\t\t<div class=\"elementor-widget-wrap elementor-element-populated\">\n\t\t\t\t\t\t\t\t<div class=\"elementor-element elementor-element-b9b7ae3 elementor-widget-divider--view-line elementor-widget elementor-widget-divider\" data-id=\"b9b7ae3\" data-element_type=\"widget\" data-widget_type=\"divider.default\">\n\t\t\t\t<div class=\"elementor-widget-container\">\n\t\t\t\t\t<div class=\"elementor-divider\">\n\t\t\t<span class=\"elementor-divider-separator\">\n\t\t\t\t\t\t<\/span>\n\t\t<\/div>\n\t\t\t\t<\/div>\n\t\t\t\t<\/div>\n\t\t\t\t\t<\/div>\n\t\t<\/div>\n\t\t\t\t\t\t\t<\/div>\n\t\t<\/section>\n\t\t\t\t<section class=\"elementor-section elementor-top-section elementor-element elementor-element-25f2706 elementor-section-boxed elementor-section-height-default elementor-section-height-default\" data-id=\"25f2706\" data-element_type=\"section\">\n\t\t\t\t\t\t<div class=\"elementor-container elementor-column-gap-default\">\n\t\t\t\t\t<div class=\"elementor-column elementor-col-100 elementor-top-column elementor-element elementor-element-61ddbb1\" data-id=\"61ddbb1\" data-element_type=\"column\">\n\t\t\t<div class=\"elementor-widget-wrap elementor-element-populated\">\n\t\t\t\t\t\t\t\t<div class=\"elementor-element elementor-element-d15e4dc elementor-widget elementor-widget-text-editor\" data-id=\"d15e4dc\" data-element_type=\"widget\" data-widget_type=\"text-editor.default\">\n\t\t\t\t<div class=\"elementor-widget-container\">\n\t\t\t\t\t\t\t<p>An leichter Hanglage in der Ortschaft Fr\u00fcmsen bei Sennwald hat eine Bauherrschaft eine Parzelle erworben. Der Ort besticht durch eine ph\u00e4nomenale Aussicht auf das Rheintal und das F\u00fcrstentum.<\/p><p>Damit diese Aussicht von einer m\u00f6glichen Wohnnutzungen als unverbaubar gesichert werden kann, haben wir uns entschieden, die Wohnform in der Art zu konzipieren, dass im Obergeschoss gewohnt und im Erdgeschoss geschlafen wird.<\/p><p>Die Ankunft an das Haus geschiet wiederum ein halbes Geschoss versetzt zum Erdgeschoss.<\/p><p>Die Bauherrschaft betonte zum Projektstart, dass sie das Material Holz sehr liebt und einer Materialisierung weg von klassichen Gipserarbeiten hin zum Holzausbau bevorzugt. Es entstanden sehr ansprechende Raummaterialisierungen unter der Verwendung von weiss lasierten Dreischichtplatten, weiss ge\u00f6lten Langriemenb\u00f6den und der Ausschaffung &#8222;Der Fuge&#8220;. Wand-Dach und Wand-Deckenanschl\u00fcsse wurden mit ausgebildeten Schattenfugen konstruktiv und \u00e4sthetisch voneinander getrennt.<\/p>\t\t\t\t\t\t<\/div>\n\t\t\t\t<\/div>\n\t\t\t\t\t<\/div>\n\t\t<\/div>\n\t\t\t\t\t\t\t<\/div>\n\t\t<\/section>\n\t\t\t\t<section class=\"elementor-section elementor-top-section elementor-element elementor-element-55efc68 elementor-section-boxed elementor-section-height-default elementor-section-height-default\" data-id=\"55efc68\" data-element_type=\"section\">\n\t\t\t\t\t\t<div class=\"elementor-container elementor-column-gap-default\">\n\t\t\t\t\t<div class=\"elementor-column elementor-col-100 elementor-top-column elementor-element elementor-element-0cd9324\" data-id=\"0cd9324\" data-element_type=\"column\">\n\t\t\t<div class=\"elementor-widget-wrap elementor-element-populated\">\n\t\t\t\t\t\t\t\t<div class=\"elementor-element elementor-element-4a0a883 elementor-widget-divider--view-line elementor-widget elementor-widget-divider\" data-id=\"4a0a883\" data-element_type=\"widget\" data-widget_type=\"divider.default\">\n\t\t\t\t<div class=\"elementor-widget-container\">\n\t\t\t\t\t<div class=\"elementor-divider\">\n\t\t\t<span class=\"elementor-divider-separator\">\n\t\t\t\t\t\t<\/span>\n\t\t<\/div>\n\t\t\t\t<\/div>\n\t\t\t\t<\/div>\n\t\t\t\t\t<\/div>\n\t\t<\/div>\n\t\t\t\t\t\t\t<\/div>\n\t\t<\/section>\n\t\t\t\t<section class=\"elementor-section elementor-top-section elementor-element elementor-element-b64f39e elementor-section-boxed elementor-section-height-default elementor-section-height-default\" data-id=\"b64f39e\" data-element_type=\"section\">\n\t\t\t\t\t\t<div class=\"elementor-container elementor-column-gap-default\">\n\t\t\t\t\t<div class=\"elementor-column elementor-col-100 elementor-top-column elementor-element elementor-element-0152599\" data-id=\"0152599\" data-element_type=\"column\">\n\t\t\t<div class=\"elementor-widget-wrap elementor-element-populated\">\n\t\t\t\t\t\t\t\t<div class=\"elementor-element elementor-element-a8f6f0e elementor-widget elementor-widget-image-gallery\" data-id=\"a8f6f0e\" data-element_type=\"widget\" data-widget_type=\"image-gallery.default\">\n\t\t\t\t<div class=\"elementor-widget-container\">\n\t\t\t\t\t<div class=\"elementor-image-gallery\">\n\t\t\t\n\t\t<style type=\"text\/css\">\n\t\t\t#gallery-1 {\n\t\t\t\tmargin: auto;\n\t\t\t}\n\t\t\t#gallery-1 .gallery-item {\n\t\t\t\tfloat: left;\n\t\t\t\tmargin-top: 10px;\n\t\t\t\ttext-align: center;\n\t\t\t\twidth: 25%;\n\t\t\t}\n\t\t\t#gallery-1 img {\n\t\t\t\tborder: 2px solid #cfcfcf;\n\t\t\t}\n\t\t\t#gallery-1 .gallery-caption {\n\t\t\t\tmargin-left: 0;\n\t\t\t}\n\t\t\t\/* see gallery_shortcode() in wp-includes\/media.php *\/\n\t\t<\/style>\n\t\t<div id='gallery-1' class='gallery galleryid-1727 gallery-columns-4 gallery-size-thumbnail'><dl class='gallery-item'>\n\t\t\t<dt class='gallery-icon landscape'>\n\t\t\t\t<a data-elementor-open-lightbox=\"yes\" data-elementor-lightbox-slideshow=\"a8f6f0e\" data-elementor-lightbox-title=\"aussen\" href='http:\/\/wp10561429.server-he.de\/wp-content\/uploads\/2021\/12\/aussen.jpg'><img loading=\"lazy\" decoding=\"async\" width=\"150\" height=\"150\" src=\"http:\/\/wp10561429.server-he.de\/wp-content\/uploads\/2021\/12\/aussen-150x150.jpg\" class=\"attachment-thumbnail size-thumbnail\" alt=\"\" srcset=\"http:\/\/wp10561429.server-he.de\/wp-content\/uploads\/2021\/12\/aussen-150x150.jpg 150w, http:\/\/wp10561429.server-he.de\/wp-content\/uploads\/2021\/12\/aussen-800x797.jpg 800w\" sizes=\"auto, (max-width: 150px) 100vw, 150px\" \/><\/a>\n\t\t\t<\/dt><\/dl><dl class='gallery-item'>\n\t\t\t<dt class='gallery-icon landscape'>\n\t\t\t\t<a data-elementor-open-lightbox=\"yes\" data-elementor-lightbox-slideshow=\"a8f6f0e\" data-elementor-lightbox-title=\"Innen1\" href='http:\/\/wp10561429.server-he.de\/wp-content\/uploads\/2021\/12\/Innen1.jpg'><img loading=\"lazy\" decoding=\"async\" width=\"150\" height=\"150\" src=\"http:\/\/wp10561429.server-he.de\/wp-content\/uploads\/2021\/12\/Innen1-150x150.jpg\" class=\"attachment-thumbnail size-thumbnail\" alt=\"\" \/><\/a>\n\t\t\t<\/dt><\/dl><dl class='gallery-item'>\n\t\t\t<dt class='gallery-icon landscape'>\n\t\t\t\t<a data-elementor-open-lightbox=\"yes\" data-elementor-lightbox-slideshow=\"a8f6f0e\" data-elementor-lightbox-title=\"Innen2\" href='http:\/\/wp10561429.server-he.de\/wp-content\/uploads\/2021\/12\/Innen2.jpg'><img loading=\"lazy\" decoding=\"async\" width=\"150\" height=\"150\" src=\"http:\/\/wp10561429.server-he.de\/wp-content\/uploads\/2021\/12\/Innen2-150x150.jpg\" class=\"attachment-thumbnail size-thumbnail\" alt=\"\" \/><\/a>\n\t\t\t<\/dt><\/dl>\n\t\t\t<br style='clear: both' \/>\n\t\t<\/div>\n\t\t<\/div>\n\t\t\t\t<\/div>\n\t\t\t\t<\/div>\n\t\t\t\t\t<\/div>\n\t\t<\/div>\n\t\t\t\t\t\t\t<\/div>\n\t\t<\/section>\n\t\t\t\t<section class=\"elementor-section elementor-top-section elementor-element elementor-element-724048a elementor-section-boxed elementor-section-height-default elementor-section-height-default\" data-id=\"724048a\" data-element_type=\"section\">\n\t\t\t\t\t\t<div class=\"elementor-container elementor-column-gap-default\">\n\t\t\t\t\t<div class=\"elementor-column elementor-col-100 elementor-top-column elementor-element elementor-element-4b37a76\" data-id=\"4b37a76\" data-element_type=\"column\">\n\t\t\t<div class=\"elementor-widget-wrap elementor-element-populated\">\n\t\t\t\t\t\t\t\t<div class=\"elementor-element elementor-element-67b5277 elementor-widget-divider--view-line elementor-widget elementor-widget-divider\" data-id=\"67b5277\" data-element_type=\"widget\" data-widget_type=\"divider.default\">\n\t\t\t\t<div class=\"elementor-widget-container\">\n\t\t\t\t\t<div class=\"elementor-divider\">\n\t\t\t<span class=\"elementor-divider-separator\">\n\t\t\t\t\t\t<\/span>\n\t\t<\/div>\n\t\t\t\t<\/div>\n\t\t\t\t<\/div>\n\t\t\t\t<div class=\"elementor-element elementor-element-62d7ff7 elementor-widget elementor-widget-button\" data-id=\"62d7ff7\" data-element_type=\"widget\" data-widget_type=\"button.default\">\n\t\t\t\t<div class=\"elementor-widget-container\">\n\t\t\t\t\t<div class=\"elementor-button-wrapper\">\n\t\t\t<a href=\"http:\/\/wp10561429.server-he.de\/index.php\/projekte\/\" class=\"elementor-button-link elementor-button elementor-size-sm\" role=\"button\">\n\t\t\t\t\t\t<span class=\"elementor-button-content-wrapper\">\n\t\t\t\t\t\t<span class=\"elementor-button-text\">Zur\u00fcck zur Projekt\u00fcbersicht<\/span>\n\t\t<\/span>\n\t\t\t\t\t<\/a>\n\t\t<\/div>\n\t\t\t\t<\/div>\n\t\t\t\t<\/div>\n\t\t\t\t\t<\/div>\n\t\t<\/div>\n\t\t\t\t\t\t\t<\/div>\n\t\t<\/section>\n\t\t\t\t\t\t<\/div>\n\t\t\t\t\t<\/div>\n\t\t","protected":false},"excerpt":{"rendered":"<p>Neubau Einfamilienhaus Ziel | Fr\u00fcmsen An leichter Hanglage in der Ortschaft Fr\u00fcmsen bei Sennwald hat eine Bauherrschaft eine Parzelle erworben. Der Ort besticht durch eine ph\u00e4nomenale Aussicht auf das Rheintal und das F\u00fcrstentum. Damit diese Aussicht von einer m\u00f6glichen Wohnnutzungen als unverbaubar gesichert werden kann, haben wir uns entschieden, die Wohnform in der Art zu [&hellip;]<\/p>\n","protected":false},"author":1,"featured_media":0,"parent":0,"menu_order":0,"comment_status":"closed","ping_status":"closed","template":"","meta":{"footnotes":""},"class_list":["post-1727","page","type-page","status-publish","hentry"],"yoast_head":"<!-- This site is optimized with the Yoast SEO plugin v17.7.1 - https:\/\/yoast.com\/wordpress\/plugins\/seo\/ -->\n<title>EFH Ziel | Fr\u00fcmsen CH - Coractur - Projektentwicklung<\/title>\n<meta name=\"robots\" content=\"index, follow, max-snippet:-1, max-image-preview:large, max-video-preview:-1\" \/>\n<link rel=\"canonical\" href=\"http:\/\/wp10561429.server-he.de\/index.php\/efh-ziel-fruemsen-ch\/\" \/>\n<meta property=\"og:locale\" content=\"de_DE\" \/>\n<meta property=\"og:type\" content=\"article\" \/>\n<meta property=\"og:title\" content=\"EFH Ziel | Fr\u00fcmsen CH - Coractur - Projektentwicklung\" \/>\n<meta property=\"og:description\" content=\"Neubau Einfamilienhaus Ziel | Fr\u00fcmsen An leichter Hanglage in der Ortschaft Fr\u00fcmsen bei Sennwald hat eine Bauherrschaft eine Parzelle erworben. Der Ort besticht durch eine ph\u00e4nomenale Aussicht auf das Rheintal und das F\u00fcrstentum. Damit diese Aussicht von einer m\u00f6glichen Wohnnutzungen als unverbaubar gesichert werden kann, haben wir uns entschieden, die Wohnform in der Art zu [&hellip;]\" \/>\n<meta property=\"og:url\" content=\"http:\/\/wp10561429.server-he.de\/index.php\/efh-ziel-fruemsen-ch\/\" \/>\n<meta property=\"og:site_name\" content=\"Coractur - Projektentwicklung\" \/>\n<meta property=\"article:modified_time\" content=\"2021-12-08T08:32:30+00:00\" \/>\n<meta property=\"og:image\" content=\"http:\/\/wp10561429.server-he.de\/wp-content\/uploads\/2021\/12\/aussen-150x150.jpg\" \/>\n<meta name=\"twitter:card\" content=\"summary_large_image\" \/>\n<meta name=\"twitter:label1\" content=\"Gesch\u00e4tzte Lesezeit\" \/>\n\t<meta name=\"twitter:data1\" content=\"2\u00a0Minuten\" \/>\n<script type=\"application\/ld+json\" class=\"yoast-schema-graph\">{\"@context\":\"https:\/\/schema.org\",\"@graph\":[{\"@type\":\"WebSite\",\"@id\":\"http:\/\/wp10561429.server-he.de\/#website\",\"url\":\"http:\/\/wp10561429.server-he.de\/\",\"name\":\"Coractur - Projektentwicklung\",\"description\":\"Cornelius Architektur\",\"potentialAction\":[{\"@type\":\"SearchAction\",\"target\":{\"@type\":\"EntryPoint\",\"urlTemplate\":\"http:\/\/wp10561429.server-he.de\/?s={search_term_string}\"},\"query-input\":\"required name=search_term_string\"}],\"inLanguage\":\"de\"},{\"@type\":\"ImageObject\",\"@id\":\"http:\/\/wp10561429.server-he.de\/index.php\/efh-ziel-fruemsen-ch\/#primaryimage\",\"inLanguage\":\"de\",\"url\":\"http:\/\/wp10561429.server-he.de\/wp-content\/uploads\/2021\/12\/aussen.jpg\",\"contentUrl\":\"http:\/\/wp10561429.server-he.de\/wp-content\/uploads\/2021\/12\/aussen.jpg\",\"width\":1186,\"height\":797},{\"@type\":\"WebPage\",\"@id\":\"http:\/\/wp10561429.server-he.de\/index.php\/efh-ziel-fruemsen-ch\/#webpage\",\"url\":\"http:\/\/wp10561429.server-he.de\/index.php\/efh-ziel-fruemsen-ch\/\",\"name\":\"EFH Ziel | Fr\\u00fcmsen CH - Coractur - Projektentwicklung\",\"isPartOf\":{\"@id\":\"http:\/\/wp10561429.server-he.de\/#website\"},\"primaryImageOfPage\":{\"@id\":\"http:\/\/wp10561429.server-he.de\/index.php\/efh-ziel-fruemsen-ch\/#primaryimage\"},\"datePublished\":\"2021-12-08T08:24:07+00:00\",\"dateModified\":\"2021-12-08T08:32:30+00:00\",\"breadcrumb\":{\"@id\":\"http:\/\/wp10561429.server-he.de\/index.php\/efh-ziel-fruemsen-ch\/#breadcrumb\"},\"inLanguage\":\"de\",\"potentialAction\":[{\"@type\":\"ReadAction\",\"target\":[\"http:\/\/wp10561429.server-he.de\/index.php\/efh-ziel-fruemsen-ch\/\"]}]},{\"@type\":\"BreadcrumbList\",\"@id\":\"http:\/\/wp10561429.server-he.de\/index.php\/efh-ziel-fruemsen-ch\/#breadcrumb\",\"itemListElement\":[{\"@type\":\"ListItem\",\"position\":1,\"name\":\"Startseite\",\"item\":\"http:\/\/wp10561429.server-he.de\/\"},{\"@type\":\"ListItem\",\"position\":2,\"name\":\"EFH Ziel | Fr\\u00fcmsen CH\"}]}]}<\/script>\n<!-- \/ Yoast SEO plugin. -->","yoast_head_json":{"title":"EFH Ziel | Fr\u00fcmsen CH - Coractur - Projektentwicklung","robots":{"index":"index","follow":"follow","max-snippet":"max-snippet:-1","max-image-preview":"max-image-preview:large","max-video-preview":"max-video-preview:-1"},"canonical":"http:\/\/wp10561429.server-he.de\/index.php\/efh-ziel-fruemsen-ch\/","og_locale":"de_DE","og_type":"article","og_title":"EFH Ziel | Fr\u00fcmsen CH - Coractur - Projektentwicklung","og_description":"Neubau Einfamilienhaus Ziel | Fr\u00fcmsen An leichter Hanglage in der Ortschaft Fr\u00fcmsen bei Sennwald hat eine Bauherrschaft eine Parzelle erworben. Der Ort besticht durch eine ph\u00e4nomenale Aussicht auf das Rheintal und das F\u00fcrstentum. Damit diese Aussicht von einer m\u00f6glichen Wohnnutzungen als unverbaubar gesichert werden kann, haben wir uns entschieden, die Wohnform in der Art zu [&hellip;]","og_url":"http:\/\/wp10561429.server-he.de\/index.php\/efh-ziel-fruemsen-ch\/","og_site_name":"Coractur - Projektentwicklung","article_modified_time":"2021-12-08T08:32:30+00:00","og_image":[{"url":"http:\/\/wp10561429.server-he.de\/wp-content\/uploads\/2021\/12\/aussen-150x150.jpg"}],"twitter_card":"summary_large_image","twitter_misc":{"Gesch\u00e4tzte Lesezeit":"2\u00a0Minuten"},"schema":{"@context":"https:\/\/schema.org","@graph":[{"@type":"WebSite","@id":"http:\/\/wp10561429.server-he.de\/#website","url":"http:\/\/wp10561429.server-he.de\/","name":"Coractur - Projektentwicklung","description":"Cornelius Architektur","potentialAction":[{"@type":"SearchAction","target":{"@type":"EntryPoint","urlTemplate":"http:\/\/wp10561429.server-he.de\/?s={search_term_string}"},"query-input":"required name=search_term_string"}],"inLanguage":"de"},{"@type":"ImageObject","@id":"http:\/\/wp10561429.server-he.de\/index.php\/efh-ziel-fruemsen-ch\/#primaryimage","inLanguage":"de","url":"http:\/\/wp10561429.server-he.de\/wp-content\/uploads\/2021\/12\/aussen.jpg","contentUrl":"http:\/\/wp10561429.server-he.de\/wp-content\/uploads\/2021\/12\/aussen.jpg","width":1186,"height":797},{"@type":"WebPage","@id":"http:\/\/wp10561429.server-he.de\/index.php\/efh-ziel-fruemsen-ch\/#webpage","url":"http:\/\/wp10561429.server-he.de\/index.php\/efh-ziel-fruemsen-ch\/","name":"EFH Ziel | Fr\u00fcmsen CH - Coractur - Projektentwicklung","isPartOf":{"@id":"http:\/\/wp10561429.server-he.de\/#website"},"primaryImageOfPage":{"@id":"http:\/\/wp10561429.server-he.de\/index.php\/efh-ziel-fruemsen-ch\/#primaryimage"},"datePublished":"2021-12-08T08:24:07+00:00","dateModified":"2021-12-08T08:32:30+00:00","breadcrumb":{"@id":"http:\/\/wp10561429.server-he.de\/index.php\/efh-ziel-fruemsen-ch\/#breadcrumb"},"inLanguage":"de","potentialAction":[{"@type":"ReadAction","target":["http:\/\/wp10561429.server-he.de\/index.php\/efh-ziel-fruemsen-ch\/"]}]},{"@type":"BreadcrumbList","@id":"http:\/\/wp10561429.server-he.de\/index.php\/efh-ziel-fruemsen-ch\/#breadcrumb","itemListElement":[{"@type":"ListItem","position":1,"name":"Startseite","item":"http:\/\/wp10561429.server-he.de\/"},{"@type":"ListItem","position":2,"name":"EFH Ziel | Fr\u00fcmsen CH"}]}]}},"_links":{"self":[{"href":"http:\/\/wp10561429.server-he.de\/index.php\/wp-json\/wp\/v2\/pages\/1727","targetHints":{"allow":["GET"]}}],"collection":[{"href":"http:\/\/wp10561429.server-he.de\/index.php\/wp-json\/wp\/v2\/pages"}],"about":[{"href":"http:\/\/wp10561429.server-he.de\/index.php\/wp-json\/wp\/v2\/types\/page"}],"author":[{"embeddable":true,"href":"http:\/\/wp10561429.server-he.de\/index.php\/wp-json\/wp\/v2\/users\/1"}],"replies":[{"embeddable":true,"href":"http:\/\/wp10561429.server-he.de\/index.php\/wp-json\/wp\/v2\/comments?post=1727"}],"version-history":[{"count":4,"href":"http:\/\/wp10561429.server-he.de\/index.php\/wp-json\/wp\/v2\/pages\/1727\/revisions"}],"predecessor-version":[{"id":1734,"href":"http:\/\/wp10561429.server-he.de\/index.php\/wp-json\/wp\/v2\/pages\/1727\/revisions\/1734"}],"wp:attachment":[{"href":"http:\/\/wp10561429.server-he.de\/index.php\/wp-json\/wp\/v2\/media?parent=1727"}],"curies":[{"name":"wp","href":"https:\/\/api.w.org\/{rel}","templated":true}]}}