{"id":1707,"date":"2021-12-08T09:12:41","date_gmt":"2021-12-08T08:12:41","guid":{"rendered":"http:\/\/wp10561429.server-he.de\/?page_id=1707"},"modified":"2021-12-08T09:19:37","modified_gmt":"2021-12-08T08:19:37","slug":"luxusvillen-menterschweige-muenchen","status":"publish","type":"page","link":"http:\/\/wp10561429.server-he.de\/index.php\/luxusvillen-menterschweige-muenchen\/","title":{"rendered":"Luxusvillen Menterschweige | M\u00fcnchen"},"content":{"rendered":"\t\t<div data-elementor-type=\"wp-page\" data-elementor-id=\"1707\" class=\"elementor elementor-1707\" data-elementor-settings=\"[]\">\n\t\t\t\t\t\t\t<div class=\"elementor-section-wrap\">\n\t\t\t\t\t\t\t<section class=\"elementor-section elementor-top-section elementor-element elementor-element-8814578 elementor-section-boxed elementor-section-height-default elementor-section-height-default\" data-id=\"8814578\" data-element_type=\"section\">\n\t\t\t\t\t\t<div class=\"elementor-container elementor-column-gap-default\">\n\t\t\t\t\t<div class=\"elementor-column elementor-col-100 elementor-top-column elementor-element elementor-element-f67d996\" data-id=\"f67d996\" data-element_type=\"column\">\n\t\t\t<div class=\"elementor-widget-wrap elementor-element-populated\">\n\t\t\t\t\t\t\t\t<div class=\"elementor-element elementor-element-aac977a elementor-widget elementor-widget-heading\" data-id=\"aac977a\" data-element_type=\"widget\" data-widget_type=\"heading.default\">\n\t\t\t\t<div class=\"elementor-widget-container\">\n\t\t\t<h2 class=\"elementor-heading-title elementor-size-default\">Luxusvillen Menterschweige | M\u00fcnchen<\/h2>\t\t<\/div>\n\t\t\t\t<\/div>\n\t\t\t\t\t<\/div>\n\t\t<\/div>\n\t\t\t\t\t\t\t<\/div>\n\t\t<\/section>\n\t\t\t\t<section class=\"elementor-section elementor-top-section elementor-element elementor-element-a70dc78 elementor-section-boxed elementor-section-height-default elementor-section-height-default\" data-id=\"a70dc78\" data-element_type=\"section\">\n\t\t\t\t\t\t<div class=\"elementor-container elementor-column-gap-default\">\n\t\t\t\t\t<div class=\"elementor-column elementor-col-100 elementor-top-column elementor-element elementor-element-1d5f03e\" data-id=\"1d5f03e\" data-element_type=\"column\">\n\t\t\t<div class=\"elementor-widget-wrap elementor-element-populated\">\n\t\t\t\t\t\t\t\t<div class=\"elementor-element elementor-element-b988f01 elementor-widget-divider--view-line elementor-widget elementor-widget-divider\" data-id=\"b988f01\" data-element_type=\"widget\" data-widget_type=\"divider.default\">\n\t\t\t\t<div class=\"elementor-widget-container\">\n\t\t\t\t\t<div class=\"elementor-divider\">\n\t\t\t<span class=\"elementor-divider-separator\">\n\t\t\t\t\t\t<\/span>\n\t\t<\/div>\n\t\t\t\t<\/div>\n\t\t\t\t<\/div>\n\t\t\t\t\t<\/div>\n\t\t<\/div>\n\t\t\t\t\t\t\t<\/div>\n\t\t<\/section>\n\t\t\t\t<section class=\"elementor-section elementor-top-section elementor-element elementor-element-dbf2879 elementor-section-boxed elementor-section-height-default elementor-section-height-default\" data-id=\"dbf2879\" data-element_type=\"section\">\n\t\t\t\t\t\t<div class=\"elementor-container elementor-column-gap-default\">\n\t\t\t\t\t<div class=\"elementor-column elementor-col-100 elementor-top-column elementor-element elementor-element-f8b84ce\" data-id=\"f8b84ce\" data-element_type=\"column\">\n\t\t\t<div class=\"elementor-widget-wrap elementor-element-populated\">\n\t\t\t\t\t\t\t\t<div class=\"elementor-element elementor-element-632c197 elementor-widget elementor-widget-image-gallery\" data-id=\"632c197\" data-element_type=\"widget\" data-widget_type=\"image-gallery.default\">\n\t\t\t\t<div class=\"elementor-widget-container\">\n\t\t\t\t\t<div class=\"elementor-image-gallery\">\n\t\t\t\n\t\t<style type=\"text\/css\">\n\t\t\t#gallery-1 {\n\t\t\t\tmargin: auto;\n\t\t\t}\n\t\t\t#gallery-1 .gallery-item {\n\t\t\t\tfloat: left;\n\t\t\t\tmargin-top: 10px;\n\t\t\t\ttext-align: center;\n\t\t\t\twidth: 25%;\n\t\t\t}\n\t\t\t#gallery-1 img {\n\t\t\t\tborder: 2px solid #cfcfcf;\n\t\t\t}\n\t\t\t#gallery-1 .gallery-caption {\n\t\t\t\tmargin-left: 0;\n\t\t\t}\n\t\t\t\/* see gallery_shortcode() in wp-includes\/media.php *\/\n\t\t<\/style>\n\t\t<div id='gallery-1' class='gallery galleryid-1707 gallery-columns-4 gallery-size-thumbnail'><dl class='gallery-item'>\n\t\t\t<dt class='gallery-icon landscape'>\n\t\t\t\t<a data-elementor-open-lightbox=\"yes\" data-elementor-lightbox-slideshow=\"632c197\" data-elementor-lightbox-title=\"bad\" href='http:\/\/wp10561429.server-he.de\/wp-content\/uploads\/2021\/12\/bad.png'><img loading=\"lazy\" decoding=\"async\" width=\"150\" height=\"150\" src=\"http:\/\/wp10561429.server-he.de\/wp-content\/uploads\/2021\/12\/bad-150x150.png\" class=\"attachment-thumbnail size-thumbnail\" alt=\"\" \/><\/a>\n\t\t\t<\/dt><\/dl><dl class='gallery-item'>\n\t\t\t<dt class='gallery-icon landscape'>\n\t\t\t\t<a data-elementor-open-lightbox=\"yes\" data-elementor-lightbox-slideshow=\"632c197\" data-elementor-lightbox-title=\"badgross\" href='http:\/\/wp10561429.server-he.de\/wp-content\/uploads\/2021\/12\/badgross.png'><img loading=\"lazy\" decoding=\"async\" width=\"150\" height=\"150\" src=\"http:\/\/wp10561429.server-he.de\/wp-content\/uploads\/2021\/12\/badgross-150x150.png\" class=\"attachment-thumbnail size-thumbnail\" alt=\"\" \/><\/a>\n\t\t\t<\/dt><\/dl><dl class='gallery-item'>\n\t\t\t<dt class='gallery-icon landscape'>\n\t\t\t\t<a data-elementor-open-lightbox=\"yes\" data-elementor-lightbox-slideshow=\"632c197\" data-elementor-lightbox-title=\"canvas\" href='http:\/\/wp10561429.server-he.de\/wp-content\/uploads\/2021\/12\/canvas-1.png'><img loading=\"lazy\" decoding=\"async\" width=\"150\" height=\"150\" src=\"http:\/\/wp10561429.server-he.de\/wp-content\/uploads\/2021\/12\/canvas-1-150x150.png\" class=\"attachment-thumbnail size-thumbnail\" alt=\"\" \/><\/a>\n\t\t\t<\/dt><\/dl><dl class='gallery-item'>\n\t\t\t<dt class='gallery-icon landscape'>\n\t\t\t\t<a data-elementor-open-lightbox=\"yes\" data-elementor-lightbox-slideshow=\"632c197\" data-elementor-lightbox-title=\"EG\" href='http:\/\/wp10561429.server-he.de\/wp-content\/uploads\/2021\/12\/EG.png'><img loading=\"lazy\" decoding=\"async\" width=\"150\" height=\"150\" src=\"http:\/\/wp10561429.server-he.de\/wp-content\/uploads\/2021\/12\/EG-150x150.png\" class=\"attachment-thumbnail size-thumbnail\" alt=\"\" \/><\/a>\n\t\t\t<\/dt><\/dl><br style=\"clear: both\" \/><dl class='gallery-item'>\n\t\t\t<dt class='gallery-icon landscape'>\n\t\t\t\t<a data-elementor-open-lightbox=\"yes\" data-elementor-lightbox-slideshow=\"632c197\" data-elementor-lightbox-title=\"gaestebad\" href='http:\/\/wp10561429.server-he.de\/wp-content\/uploads\/2021\/12\/gaestebad.png'><img loading=\"lazy\" decoding=\"async\" width=\"150\" height=\"150\" src=\"http:\/\/wp10561429.server-he.de\/wp-content\/uploads\/2021\/12\/gaestebad-150x150.png\" class=\"attachment-thumbnail size-thumbnail\" alt=\"\" \/><\/a>\n\t\t\t<\/dt><\/dl><dl class='gallery-item'>\n\t\t\t<dt class='gallery-icon landscape'>\n\t\t\t\t<a data-elementor-open-lightbox=\"yes\" data-elementor-lightbox-slideshow=\"632c197\" data-elementor-lightbox-title=\"index\" href='http:\/\/wp10561429.server-he.de\/wp-content\/uploads\/2021\/12\/index-1.png'><img loading=\"lazy\" decoding=\"async\" width=\"150\" height=\"150\" src=\"http:\/\/wp10561429.server-he.de\/wp-content\/uploads\/2021\/12\/index-1-150x150.png\" class=\"attachment-thumbnail size-thumbnail\" alt=\"\" \/><\/a>\n\t\t\t<\/dt><\/dl><dl class='gallery-item'>\n\t\t\t<dt class='gallery-icon landscape'>\n\t\t\t\t<a data-elementor-open-lightbox=\"yes\" data-elementor-lightbox-slideshow=\"632c197\" data-elementor-lightbox-title=\"muster\" href='http:\/\/wp10561429.server-he.de\/wp-content\/uploads\/2021\/12\/muster.png'><img loading=\"lazy\" decoding=\"async\" width=\"150\" height=\"150\" src=\"http:\/\/wp10561429.server-he.de\/wp-content\/uploads\/2021\/12\/muster-150x150.png\" class=\"attachment-thumbnail size-thumbnail\" alt=\"\" \/><\/a>\n\t\t\t<\/dt><\/dl><dl class='gallery-item'>\n\t\t\t<dt class='gallery-icon landscape'>\n\t\t\t\t<a data-elementor-open-lightbox=\"yes\" data-elementor-lightbox-slideshow=\"632c197\" data-elementor-lightbox-title=\"nordost\" href='http:\/\/wp10561429.server-he.de\/wp-content\/uploads\/2021\/12\/nordost.png'><img loading=\"lazy\" decoding=\"async\" width=\"150\" height=\"150\" src=\"http:\/\/wp10561429.server-he.de\/wp-content\/uploads\/2021\/12\/nordost-150x150.png\" class=\"attachment-thumbnail size-thumbnail\" alt=\"\" \/><\/a>\n\t\t\t<\/dt><\/dl><br style=\"clear: both\" \/><dl class='gallery-item'>\n\t\t\t<dt class='gallery-icon landscape'>\n\t\t\t\t<a data-elementor-open-lightbox=\"yes\" data-elementor-lightbox-slideshow=\"632c197\" data-elementor-lightbox-title=\"suedwest\" href='http:\/\/wp10561429.server-he.de\/wp-content\/uploads\/2021\/12\/suedwest.png'><img loading=\"lazy\" decoding=\"async\" width=\"150\" height=\"150\" src=\"http:\/\/wp10561429.server-he.de\/wp-content\/uploads\/2021\/12\/suedwest-150x150.png\" class=\"attachment-thumbnail size-thumbnail\" alt=\"\" \/><\/a>\n\t\t\t<\/dt><\/dl><dl class='gallery-item'>\n\t\t\t<dt class='gallery-icon landscape'>\n\t\t\t\t<a data-elementor-open-lightbox=\"yes\" data-elementor-lightbox-slideshow=\"632c197\" data-elementor-lightbox-title=\"tiefgarage\" href='http:\/\/wp10561429.server-he.de\/wp-content\/uploads\/2021\/12\/tiefgarage.png'><img loading=\"lazy\" decoding=\"async\" width=\"150\" height=\"150\" src=\"http:\/\/wp10561429.server-he.de\/wp-content\/uploads\/2021\/12\/tiefgarage-150x150.png\" class=\"attachment-thumbnail size-thumbnail\" alt=\"\" \/><\/a>\n\t\t\t<\/dt><\/dl><dl class='gallery-item'>\n\t\t\t<dt class='gallery-icon landscape'>\n\t\t\t\t<a data-elementor-open-lightbox=\"yes\" data-elementor-lightbox-slideshow=\"632c197\" data-elementor-lightbox-title=\"wohnung51\" href='http:\/\/wp10561429.server-he.de\/wp-content\/uploads\/2021\/12\/wohnung51.png'><img loading=\"lazy\" decoding=\"async\" width=\"150\" height=\"150\" src=\"http:\/\/wp10561429.server-he.de\/wp-content\/uploads\/2021\/12\/wohnung51-150x150.png\" class=\"attachment-thumbnail size-thumbnail\" alt=\"\" \/><\/a>\n\t\t\t<\/dt><\/dl>\n\t\t\t<br style='clear: both' \/>\n\t\t<\/div>\n\t\t<\/div>\n\t\t\t\t<\/div>\n\t\t\t\t<\/div>\n\t\t\t\t\t<\/div>\n\t\t<\/div>\n\t\t\t\t\t\t\t<\/div>\n\t\t<\/section>\n\t\t\t\t<section class=\"elementor-section elementor-top-section elementor-element elementor-element-c019375 elementor-section-boxed elementor-section-height-default elementor-section-height-default\" data-id=\"c019375\" data-element_type=\"section\">\n\t\t\t\t\t\t<div class=\"elementor-container elementor-column-gap-default\">\n\t\t\t\t\t<div class=\"elementor-column elementor-col-100 elementor-top-column elementor-element elementor-element-49cb1c7\" data-id=\"49cb1c7\" data-element_type=\"column\">\n\t\t\t<div class=\"elementor-widget-wrap elementor-element-populated\">\n\t\t\t\t\t\t\t\t<div class=\"elementor-element elementor-element-6405372 elementor-widget-divider--view-line elementor-widget elementor-widget-divider\" data-id=\"6405372\" data-element_type=\"widget\" data-widget_type=\"divider.default\">\n\t\t\t\t<div class=\"elementor-widget-container\">\n\t\t\t\t\t<div class=\"elementor-divider\">\n\t\t\t<span class=\"elementor-divider-separator\">\n\t\t\t\t\t\t<\/span>\n\t\t<\/div>\n\t\t\t\t<\/div>\n\t\t\t\t<\/div>\n\t\t\t\t\t<\/div>\n\t\t<\/div>\n\t\t\t\t\t\t\t<\/div>\n\t\t<\/section>\n\t\t\t\t<section class=\"elementor-section elementor-top-section elementor-element elementor-element-50fa059 elementor-section-boxed elementor-section-height-default elementor-section-height-default\" data-id=\"50fa059\" data-element_type=\"section\">\n\t\t\t\t\t\t<div class=\"elementor-container elementor-column-gap-default\">\n\t\t\t\t\t<div class=\"elementor-column elementor-col-100 elementor-top-column elementor-element elementor-element-f67decb\" data-id=\"f67decb\" data-element_type=\"column\">\n\t\t\t<div class=\"elementor-widget-wrap elementor-element-populated\">\n\t\t\t\t\t\t\t\t<div class=\"elementor-element elementor-element-939db1f elementor-widget elementor-widget-button\" data-id=\"939db1f\" data-element_type=\"widget\" data-widget_type=\"button.default\">\n\t\t\t\t<div class=\"elementor-widget-container\">\n\t\t\t\t\t<div class=\"elementor-button-wrapper\">\n\t\t\t<a href=\"http:\/\/wp10561429.server-he.de\/index.php\/projekte\/\" class=\"elementor-button-link elementor-button elementor-size-sm\" role=\"button\">\n\t\t\t\t\t\t<span class=\"elementor-button-content-wrapper\">\n\t\t\t\t\t\t<span class=\"elementor-button-text\">Zur\u00fcck zur Projekt\u00fcbersicht<\/span>\n\t\t<\/span>\n\t\t\t\t\t<\/a>\n\t\t<\/div>\n\t\t\t\t<\/div>\n\t\t\t\t<\/div>\n\t\t\t\t\t<\/div>\n\t\t<\/div>\n\t\t\t\t\t\t\t<\/div>\n\t\t<\/section>\n\t\t\t\t\t\t<\/div>\n\t\t\t\t\t<\/div>\n\t\t","protected":false},"excerpt":{"rendered":"<p>Luxusvillen Menterschweige | M\u00fcnchen Zur\u00fcck zur Projekt\u00fcbersicht<\/p>\n","protected":false},"author":1,"featured_media":0,"parent":0,"menu_order":0,"comment_status":"closed","ping_status":"closed","template":"","meta":{"footnotes":""},"class_list":["post-1707","page","type-page","status-publish","hentry"],"yoast_head":"<!-- This site is optimized with the Yoast SEO plugin v17.7.1 - https:\/\/yoast.com\/wordpress\/plugins\/seo\/ -->\n<title>Luxusvillen Menterschweige | M\u00fcnchen - Coractur - Projektentwicklung<\/title>\n<meta name=\"robots\" content=\"index, follow, max-snippet:-1, max-image-preview:large, max-video-preview:-1\" \/>\n<link rel=\"canonical\" href=\"http:\/\/wp10561429.server-he.de\/index.php\/luxusvillen-menterschweige-muenchen\/\" \/>\n<meta property=\"og:locale\" content=\"de_DE\" \/>\n<meta property=\"og:type\" content=\"article\" \/>\n<meta property=\"og:title\" content=\"Luxusvillen Menterschweige | M\u00fcnchen - Coractur - Projektentwicklung\" \/>\n<meta property=\"og:description\" content=\"Luxusvillen Menterschweige | M\u00fcnchen Zur\u00fcck zur Projekt\u00fcbersicht\" \/>\n<meta property=\"og:url\" content=\"http:\/\/wp10561429.server-he.de\/index.php\/luxusvillen-menterschweige-muenchen\/\" \/>\n<meta property=\"og:site_name\" content=\"Coractur - Projektentwicklung\" \/>\n<meta property=\"article:modified_time\" content=\"2021-12-08T08:19:37+00:00\" \/>\n<meta property=\"og:image\" content=\"http:\/\/wp10561429.server-he.de\/wp-content\/uploads\/2021\/12\/bad-150x150.png\" \/>\n<meta name=\"twitter:card\" content=\"summary_large_image\" \/>\n<meta name=\"twitter:label1\" content=\"Gesch\u00e4tzte Lesezeit\" \/>\n\t<meta name=\"twitter:data1\" content=\"3\u00a0Minuten\" \/>\n<script type=\"application\/ld+json\" class=\"yoast-schema-graph\">{\"@context\":\"https:\/\/schema.org\",\"@graph\":[{\"@type\":\"WebSite\",\"@id\":\"http:\/\/wp10561429.server-he.de\/#website\",\"url\":\"http:\/\/wp10561429.server-he.de\/\",\"name\":\"Coractur - Projektentwicklung\",\"description\":\"Cornelius Architektur\",\"potentialAction\":[{\"@type\":\"SearchAction\",\"target\":{\"@type\":\"EntryPoint\",\"urlTemplate\":\"http:\/\/wp10561429.server-he.de\/?s={search_term_string}\"},\"query-input\":\"required name=search_term_string\"}],\"inLanguage\":\"de\"},{\"@type\":\"ImageObject\",\"@id\":\"http:\/\/wp10561429.server-he.de\/index.php\/luxusvillen-menterschweige-muenchen\/#primaryimage\",\"inLanguage\":\"de\",\"url\":\"http:\/\/wp10561429.server-he.de\/wp-content\/uploads\/2021\/12\/bad.png\",\"contentUrl\":\"http:\/\/wp10561429.server-he.de\/wp-content\/uploads\/2021\/12\/bad.png\",\"width\":800,\"height\":533},{\"@type\":\"WebPage\",\"@id\":\"http:\/\/wp10561429.server-he.de\/index.php\/luxusvillen-menterschweige-muenchen\/#webpage\",\"url\":\"http:\/\/wp10561429.server-he.de\/index.php\/luxusvillen-menterschweige-muenchen\/\",\"name\":\"Luxusvillen Menterschweige | M\\u00fcnchen - Coractur - Projektentwicklung\",\"isPartOf\":{\"@id\":\"http:\/\/wp10561429.server-he.de\/#website\"},\"primaryImageOfPage\":{\"@id\":\"http:\/\/wp10561429.server-he.de\/index.php\/luxusvillen-menterschweige-muenchen\/#primaryimage\"},\"datePublished\":\"2021-12-08T08:12:41+00:00\",\"dateModified\":\"2021-12-08T08:19:37+00:00\",\"breadcrumb\":{\"@id\":\"http:\/\/wp10561429.server-he.de\/index.php\/luxusvillen-menterschweige-muenchen\/#breadcrumb\"},\"inLanguage\":\"de\",\"potentialAction\":[{\"@type\":\"ReadAction\",\"target\":[\"http:\/\/wp10561429.server-he.de\/index.php\/luxusvillen-menterschweige-muenchen\/\"]}]},{\"@type\":\"BreadcrumbList\",\"@id\":\"http:\/\/wp10561429.server-he.de\/index.php\/luxusvillen-menterschweige-muenchen\/#breadcrumb\",\"itemListElement\":[{\"@type\":\"ListItem\",\"position\":1,\"name\":\"Startseite\",\"item\":\"http:\/\/wp10561429.server-he.de\/\"},{\"@type\":\"ListItem\",\"position\":2,\"name\":\"Luxusvillen Menterschweige | M\\u00fcnchen\"}]}]}<\/script>\n<!-- \/ Yoast SEO plugin. -->","yoast_head_json":{"title":"Luxusvillen Menterschweige | M\u00fcnchen - Coractur - Projektentwicklung","robots":{"index":"index","follow":"follow","max-snippet":"max-snippet:-1","max-image-preview":"max-image-preview:large","max-video-preview":"max-video-preview:-1"},"canonical":"http:\/\/wp10561429.server-he.de\/index.php\/luxusvillen-menterschweige-muenchen\/","og_locale":"de_DE","og_type":"article","og_title":"Luxusvillen Menterschweige | M\u00fcnchen - Coractur - Projektentwicklung","og_description":"Luxusvillen Menterschweige | M\u00fcnchen Zur\u00fcck zur Projekt\u00fcbersicht","og_url":"http:\/\/wp10561429.server-he.de\/index.php\/luxusvillen-menterschweige-muenchen\/","og_site_name":"Coractur - Projektentwicklung","article_modified_time":"2021-12-08T08:19:37+00:00","og_image":[{"url":"http:\/\/wp10561429.server-he.de\/wp-content\/uploads\/2021\/12\/bad-150x150.png"}],"twitter_card":"summary_large_image","twitter_misc":{"Gesch\u00e4tzte Lesezeit":"3\u00a0Minuten"},"schema":{"@context":"https:\/\/schema.org","@graph":[{"@type":"WebSite","@id":"http:\/\/wp10561429.server-he.de\/#website","url":"http:\/\/wp10561429.server-he.de\/","name":"Coractur - Projektentwicklung","description":"Cornelius Architektur","potentialAction":[{"@type":"SearchAction","target":{"@type":"EntryPoint","urlTemplate":"http:\/\/wp10561429.server-he.de\/?s={search_term_string}"},"query-input":"required name=search_term_string"}],"inLanguage":"de"},{"@type":"ImageObject","@id":"http:\/\/wp10561429.server-he.de\/index.php\/luxusvillen-menterschweige-muenchen\/#primaryimage","inLanguage":"de","url":"http:\/\/wp10561429.server-he.de\/wp-content\/uploads\/2021\/12\/bad.png","contentUrl":"http:\/\/wp10561429.server-he.de\/wp-content\/uploads\/2021\/12\/bad.png","width":800,"height":533},{"@type":"WebPage","@id":"http:\/\/wp10561429.server-he.de\/index.php\/luxusvillen-menterschweige-muenchen\/#webpage","url":"http:\/\/wp10561429.server-he.de\/index.php\/luxusvillen-menterschweige-muenchen\/","name":"Luxusvillen Menterschweige | M\u00fcnchen - Coractur - Projektentwicklung","isPartOf":{"@id":"http:\/\/wp10561429.server-he.de\/#website"},"primaryImageOfPage":{"@id":"http:\/\/wp10561429.server-he.de\/index.php\/luxusvillen-menterschweige-muenchen\/#primaryimage"},"datePublished":"2021-12-08T08:12:41+00:00","dateModified":"2021-12-08T08:19:37+00:00","breadcrumb":{"@id":"http:\/\/wp10561429.server-he.de\/index.php\/luxusvillen-menterschweige-muenchen\/#breadcrumb"},"inLanguage":"de","potentialAction":[{"@type":"ReadAction","target":["http:\/\/wp10561429.server-he.de\/index.php\/luxusvillen-menterschweige-muenchen\/"]}]},{"@type":"BreadcrumbList","@id":"http:\/\/wp10561429.server-he.de\/index.php\/luxusvillen-menterschweige-muenchen\/#breadcrumb","itemListElement":[{"@type":"ListItem","position":1,"name":"Startseite","item":"http:\/\/wp10561429.server-he.de\/"},{"@type":"ListItem","position":2,"name":"Luxusvillen Menterschweige | M\u00fcnchen"}]}]}},"_links":{"self":[{"href":"http:\/\/wp10561429.server-he.de\/index.php\/wp-json\/wp\/v2\/pages\/1707","targetHints":{"allow":["GET"]}}],"collection":[{"href":"http:\/\/wp10561429.server-he.de\/index.php\/wp-json\/wp\/v2\/pages"}],"about":[{"href":"http:\/\/wp10561429.server-he.de\/index.php\/wp-json\/wp\/v2\/types\/page"}],"author":[{"embeddable":true,"href":"http:\/\/wp10561429.server-he.de\/index.php\/wp-json\/wp\/v2\/users\/1"}],"replies":[{"embeddable":true,"href":"http:\/\/wp10561429.server-he.de\/index.php\/wp-json\/wp\/v2\/comments?post=1707"}],"version-history":[{"count":4,"href":"http:\/\/wp10561429.server-he.de\/index.php\/wp-json\/wp\/v2\/pages\/1707\/revisions"}],"predecessor-version":[{"id":1723,"href":"http:\/\/wp10561429.server-he.de\/index.php\/wp-json\/wp\/v2\/pages\/1707\/revisions\/1723"}],"wp:attachment":[{"href":"http:\/\/wp10561429.server-he.de\/index.php\/wp-json\/wp\/v2\/media?parent=1707"}],"curies":[{"name":"wp","href":"https:\/\/api.w.org\/{rel}","templated":true}]}}