{"id":1280,"date":"2021-12-01T17:15:07","date_gmt":"2021-12-01T16:15:07","guid":{"rendered":"http:\/\/wp10561429.server-he.de\/?page_id=1280"},"modified":"2021-12-01T17:17:56","modified_gmt":"2021-12-01T16:17:56","slug":"kfz-wekstaette-nuetziders","status":"publish","type":"page","link":"http:\/\/wp10561429.server-he.de\/index.php\/kfz-wekstaette-nuetziders\/","title":{"rendered":"KFZ Wekst\u00e4tte | N\u00fctziders"},"content":{"rendered":"\t\t<div data-elementor-type=\"wp-page\" data-elementor-id=\"1280\" class=\"elementor elementor-1280\" data-elementor-settings=\"[]\">\n\t\t\t\t\t\t\t<div class=\"elementor-section-wrap\">\n\t\t\t\t\t\t\t<section class=\"elementor-section elementor-top-section elementor-element elementor-element-6c6d145 elementor-section-boxed elementor-section-height-default elementor-section-height-default\" data-id=\"6c6d145\" data-element_type=\"section\">\n\t\t\t\t\t\t<div class=\"elementor-container elementor-column-gap-default\">\n\t\t\t\t\t<div class=\"elementor-column elementor-col-100 elementor-top-column elementor-element elementor-element-6d9f9db\" data-id=\"6d9f9db\" data-element_type=\"column\">\n\t\t\t<div class=\"elementor-widget-wrap elementor-element-populated\">\n\t\t\t\t\t\t\t\t<div class=\"elementor-element elementor-element-30ff99e elementor-widget elementor-widget-heading\" data-id=\"30ff99e\" data-element_type=\"widget\" data-widget_type=\"heading.default\">\n\t\t\t\t<div class=\"elementor-widget-container\">\n\t\t\t<h2 class=\"elementor-heading-title elementor-size-default\">KFZ Werkst\u00e4tte Haueis | N\u00fcziders<\/h2>\t\t<\/div>\n\t\t\t\t<\/div>\n\t\t\t\t\t<\/div>\n\t\t<\/div>\n\t\t\t\t\t\t\t<\/div>\n\t\t<\/section>\n\t\t\t\t<section class=\"elementor-section elementor-top-section elementor-element elementor-element-d09f683 elementor-section-boxed elementor-section-height-default elementor-section-height-default\" data-id=\"d09f683\" data-element_type=\"section\">\n\t\t\t\t\t\t<div class=\"elementor-container elementor-column-gap-default\">\n\t\t\t\t\t<div class=\"elementor-column elementor-col-100 elementor-top-column elementor-element elementor-element-c9b2305\" data-id=\"c9b2305\" data-element_type=\"column\">\n\t\t\t<div class=\"elementor-widget-wrap elementor-element-populated\">\n\t\t\t\t\t\t\t\t<div class=\"elementor-element elementor-element-2019a96 elementor-widget-divider--view-line elementor-widget elementor-widget-divider\" data-id=\"2019a96\" data-element_type=\"widget\" data-widget_type=\"divider.default\">\n\t\t\t\t<div class=\"elementor-widget-container\">\n\t\t\t\t\t<div class=\"elementor-divider\">\n\t\t\t<span class=\"elementor-divider-separator\">\n\t\t\t\t\t\t<\/span>\n\t\t<\/div>\n\t\t\t\t<\/div>\n\t\t\t\t<\/div>\n\t\t\t\t\t<\/div>\n\t\t<\/div>\n\t\t\t\t\t\t\t<\/div>\n\t\t<\/section>\n\t\t\t\t<section class=\"elementor-section elementor-top-section elementor-element elementor-element-9028287 elementor-section-boxed elementor-section-height-default elementor-section-height-default\" data-id=\"9028287\" data-element_type=\"section\">\n\t\t\t\t\t\t<div class=\"elementor-container elementor-column-gap-default\">\n\t\t\t\t\t<div class=\"elementor-column elementor-col-100 elementor-top-column elementor-element elementor-element-1e66cf2\" data-id=\"1e66cf2\" data-element_type=\"column\">\n\t\t\t<div class=\"elementor-widget-wrap elementor-element-populated\">\n\t\t\t\t\t\t\t\t<div class=\"elementor-element elementor-element-99b581b elementor-widget elementor-widget-image-gallery\" data-id=\"99b581b\" data-element_type=\"widget\" data-widget_type=\"image-gallery.default\">\n\t\t\t\t<div class=\"elementor-widget-container\">\n\t\t\t\t\t<div class=\"elementor-image-gallery\">\n\t\t\t\n\t\t<style type=\"text\/css\">\n\t\t\t#gallery-1 {\n\t\t\t\tmargin: auto;\n\t\t\t}\n\t\t\t#gallery-1 .gallery-item {\n\t\t\t\tfloat: left;\n\t\t\t\tmargin-top: 10px;\n\t\t\t\ttext-align: center;\n\t\t\t\twidth: 25%;\n\t\t\t}\n\t\t\t#gallery-1 img {\n\t\t\t\tborder: 2px solid #cfcfcf;\n\t\t\t}\n\t\t\t#gallery-1 .gallery-caption {\n\t\t\t\tmargin-left: 0;\n\t\t\t}\n\t\t\t\/* see gallery_shortcode() in wp-includes\/media.php *\/\n\t\t<\/style>\n\t\t<div id='gallery-1' class='gallery galleryid-1280 gallery-columns-4 gallery-size-thumbnail'><dl class='gallery-item'>\n\t\t\t<dt class='gallery-icon landscape'>\n\t\t\t\t<a data-elementor-open-lightbox=\"yes\" data-elementor-lightbox-slideshow=\"99b581b\" data-elementor-lightbox-title=\"01.2 Lageplan\" href='http:\/\/wp10561429.server-he.de\/wp-content\/uploads\/2021\/12\/01.2-Lageplan.jpg'><img loading=\"lazy\" decoding=\"async\" width=\"150\" height=\"150\" src=\"http:\/\/wp10561429.server-he.de\/wp-content\/uploads\/2021\/12\/01.2-Lageplan-150x150.jpg\" class=\"attachment-thumbnail size-thumbnail\" alt=\"\" srcset=\"http:\/\/wp10561429.server-he.de\/wp-content\/uploads\/2021\/12\/01.2-Lageplan-150x150.jpg 150w, http:\/\/wp10561429.server-he.de\/wp-content\/uploads\/2021\/12\/01.2-Lageplan-800x800.jpg 800w\" sizes=\"auto, (max-width: 150px) 100vw, 150px\" \/><\/a>\n\t\t\t<\/dt><\/dl><dl class='gallery-item'>\n\t\t\t<dt class='gallery-icon landscape'>\n\t\t\t\t<a data-elementor-open-lightbox=\"yes\" data-elementor-lightbox-slideshow=\"99b581b\" data-elementor-lightbox-title=\"01.2 Baueingabe Ansichten, Schnitte, Perspektiven\" href='http:\/\/wp10561429.server-he.de\/wp-content\/uploads\/2021\/12\/01.2-Baueingabe-Ansichten-Schnitte-Perspektiven.jpg'><img loading=\"lazy\" decoding=\"async\" width=\"150\" height=\"150\" src=\"http:\/\/wp10561429.server-he.de\/wp-content\/uploads\/2021\/12\/01.2-Baueingabe-Ansichten-Schnitte-Perspektiven-150x150.jpg\" class=\"attachment-thumbnail size-thumbnail\" alt=\"\" srcset=\"http:\/\/wp10561429.server-he.de\/wp-content\/uploads\/2021\/12\/01.2-Baueingabe-Ansichten-Schnitte-Perspektiven-150x150.jpg 150w, http:\/\/wp10561429.server-he.de\/wp-content\/uploads\/2021\/12\/01.2-Baueingabe-Ansichten-Schnitte-Perspektiven-800x800.jpg 800w\" sizes=\"auto, (max-width: 150px) 100vw, 150px\" \/><\/a>\n\t\t\t<\/dt><\/dl><dl class='gallery-item'>\n\t\t\t<dt class='gallery-icon landscape'>\n\t\t\t\t<a data-elementor-open-lightbox=\"yes\" data-elementor-lightbox-slideshow=\"99b581b\" data-elementor-lightbox-title=\"01.2 Baueingabe Ansichten, Schnitte\" href='http:\/\/wp10561429.server-he.de\/wp-content\/uploads\/2021\/12\/01.2-Baueingabe-Ansichten-Schnitte.jpg'><img loading=\"lazy\" decoding=\"async\" width=\"150\" height=\"150\" src=\"http:\/\/wp10561429.server-he.de\/wp-content\/uploads\/2021\/12\/01.2-Baueingabe-Ansichten-Schnitte-150x150.jpg\" class=\"attachment-thumbnail size-thumbnail\" alt=\"\" srcset=\"http:\/\/wp10561429.server-he.de\/wp-content\/uploads\/2021\/12\/01.2-Baueingabe-Ansichten-Schnitte-150x150.jpg 150w, http:\/\/wp10561429.server-he.de\/wp-content\/uploads\/2021\/12\/01.2-Baueingabe-Ansichten-Schnitte-800x800.jpg 800w\" sizes=\"auto, (max-width: 150px) 100vw, 150px\" \/><\/a>\n\t\t\t<\/dt><\/dl><dl class='gallery-item'>\n\t\t\t<dt class='gallery-icon landscape'>\n\t\t\t\t<a data-elementor-open-lightbox=\"yes\" data-elementor-lightbox-slideshow=\"99b581b\" data-elementor-lightbox-title=\"01.2 Baueingabe Grundrisse, Lageplan\" href='http:\/\/wp10561429.server-he.de\/wp-content\/uploads\/2021\/12\/01.2-Baueingabe-Grundrisse-Lageplan.jpg'><img loading=\"lazy\" decoding=\"async\" width=\"150\" height=\"150\" src=\"http:\/\/wp10561429.server-he.de\/wp-content\/uploads\/2021\/12\/01.2-Baueingabe-Grundrisse-Lageplan-150x150.jpg\" class=\"attachment-thumbnail size-thumbnail\" alt=\"\" srcset=\"http:\/\/wp10561429.server-he.de\/wp-content\/uploads\/2021\/12\/01.2-Baueingabe-Grundrisse-Lageplan-150x150.jpg 150w, http:\/\/wp10561429.server-he.de\/wp-content\/uploads\/2021\/12\/01.2-Baueingabe-Grundrisse-Lageplan-800x800.jpg 800w\" sizes=\"auto, (max-width: 150px) 100vw, 150px\" \/><\/a>\n\t\t\t<\/dt><\/dl><br style=\"clear: both\" \/><dl class='gallery-item'>\n\t\t\t<dt class='gallery-icon landscape'>\n\t\t\t\t<a data-elementor-open-lightbox=\"yes\" data-elementor-lightbox-slideshow=\"99b581b\" data-elementor-lightbox-title=\"Innenraum 3\" href='http:\/\/wp10561429.server-he.de\/wp-content\/uploads\/2021\/12\/Innenraum-3.jpg'><img loading=\"lazy\" decoding=\"async\" width=\"150\" height=\"150\" src=\"http:\/\/wp10561429.server-he.de\/wp-content\/uploads\/2021\/12\/Innenraum-3-150x150.jpg\" class=\"attachment-thumbnail size-thumbnail\" alt=\"\" \/><\/a>\n\t\t\t<\/dt><\/dl><dl class='gallery-item'>\n\t\t\t<dt class='gallery-icon landscape'>\n\t\t\t\t<a data-elementor-open-lightbox=\"yes\" data-elementor-lightbox-slideshow=\"99b581b\" data-elementor-lightbox-title=\"Nord\" href='http:\/\/wp10561429.server-he.de\/wp-content\/uploads\/2021\/12\/Nord.jpg'><img loading=\"lazy\" decoding=\"async\" width=\"150\" height=\"150\" src=\"http:\/\/wp10561429.server-he.de\/wp-content\/uploads\/2021\/12\/Nord-150x150.jpg\" class=\"attachment-thumbnail size-thumbnail\" alt=\"\" \/><\/a>\n\t\t\t<\/dt><\/dl><dl class='gallery-item'>\n\t\t\t<dt class='gallery-icon landscape'>\n\t\t\t\t<a data-elementor-open-lightbox=\"yes\" data-elementor-lightbox-slideshow=\"99b581b\" data-elementor-lightbox-title=\"Ost 2\" href='http:\/\/wp10561429.server-he.de\/wp-content\/uploads\/2021\/12\/Ost-2.jpg'><img loading=\"lazy\" decoding=\"async\" width=\"150\" height=\"150\" src=\"http:\/\/wp10561429.server-he.de\/wp-content\/uploads\/2021\/12\/Ost-2-150x150.jpg\" class=\"attachment-thumbnail size-thumbnail\" alt=\"\" \/><\/a>\n\t\t\t<\/dt><\/dl><dl class='gallery-item'>\n\t\t\t<dt class='gallery-icon landscape'>\n\t\t\t\t<a data-elementor-open-lightbox=\"yes\" data-elementor-lightbox-slideshow=\"99b581b\" data-elementor-lightbox-title=\"Ost vogel\" href='http:\/\/wp10561429.server-he.de\/wp-content\/uploads\/2021\/12\/Ost-vogel.jpg'><img loading=\"lazy\" decoding=\"async\" width=\"150\" height=\"150\" src=\"http:\/\/wp10561429.server-he.de\/wp-content\/uploads\/2021\/12\/Ost-vogel-150x150.jpg\" class=\"attachment-thumbnail size-thumbnail\" alt=\"\" \/><\/a>\n\t\t\t<\/dt><\/dl><br style=\"clear: both\" \/><dl class='gallery-item'>\n\t\t\t<dt class='gallery-icon landscape'>\n\t\t\t\t<a data-elementor-open-lightbox=\"yes\" data-elementor-lightbox-slideshow=\"99b581b\" data-elementor-lightbox-title=\"Ost\" href='http:\/\/wp10561429.server-he.de\/wp-content\/uploads\/2021\/12\/Ost.jpg'><img loading=\"lazy\" decoding=\"async\" width=\"150\" height=\"150\" src=\"http:\/\/wp10561429.server-he.de\/wp-content\/uploads\/2021\/12\/Ost-150x150.jpg\" class=\"attachment-thumbnail size-thumbnail\" alt=\"\" \/><\/a>\n\t\t\t<\/dt><\/dl><dl class='gallery-item'>\n\t\t\t<dt class='gallery-icon landscape'>\n\t\t\t\t<a data-elementor-open-lightbox=\"yes\" data-elementor-lightbox-slideshow=\"99b581b\" data-elementor-lightbox-title=\"Sud\" href='http:\/\/wp10561429.server-he.de\/wp-content\/uploads\/2021\/12\/Sud.jpg'><img loading=\"lazy\" decoding=\"async\" width=\"150\" height=\"150\" src=\"http:\/\/wp10561429.server-he.de\/wp-content\/uploads\/2021\/12\/Sud-150x150.jpg\" class=\"attachment-thumbnail size-thumbnail\" alt=\"\" \/><\/a>\n\t\t\t<\/dt><\/dl><dl class='gallery-item'>\n\t\t\t<dt class='gallery-icon landscape'>\n\t\t\t\t<a data-elementor-open-lightbox=\"yes\" data-elementor-lightbox-slideshow=\"99b581b\" data-elementor-lightbox-title=\"West\" href='http:\/\/wp10561429.server-he.de\/wp-content\/uploads\/2021\/12\/West.jpg'><img loading=\"lazy\" decoding=\"async\" width=\"150\" height=\"150\" src=\"http:\/\/wp10561429.server-he.de\/wp-content\/uploads\/2021\/12\/West-150x150.jpg\" class=\"attachment-thumbnail size-thumbnail\" alt=\"\" \/><\/a>\n\t\t\t<\/dt><\/dl>\n\t\t\t<br style='clear: both' \/>\n\t\t<\/div>\n\t\t<\/div>\n\t\t\t\t<\/div>\n\t\t\t\t<\/div>\n\t\t\t\t\t<\/div>\n\t\t<\/div>\n\t\t\t\t\t\t\t<\/div>\n\t\t<\/section>\n\t\t\t\t<section class=\"elementor-section elementor-top-section elementor-element elementor-element-75a56fc elementor-section-boxed elementor-section-height-default elementor-section-height-default\" data-id=\"75a56fc\" data-element_type=\"section\">\n\t\t\t\t\t\t<div class=\"elementor-container elementor-column-gap-default\">\n\t\t\t\t\t<div class=\"elementor-column elementor-col-100 elementor-top-column elementor-element elementor-element-d7d61fa\" data-id=\"d7d61fa\" data-element_type=\"column\">\n\t\t\t<div class=\"elementor-widget-wrap elementor-element-populated\">\n\t\t\t\t\t\t\t\t<div class=\"elementor-element elementor-element-d717ddf elementor-widget-divider--view-line elementor-widget elementor-widget-divider\" data-id=\"d717ddf\" data-element_type=\"widget\" data-widget_type=\"divider.default\">\n\t\t\t\t<div class=\"elementor-widget-container\">\n\t\t\t\t\t<div class=\"elementor-divider\">\n\t\t\t<span class=\"elementor-divider-separator\">\n\t\t\t\t\t\t<\/span>\n\t\t<\/div>\n\t\t\t\t<\/div>\n\t\t\t\t<\/div>\n\t\t\t\t\t<\/div>\n\t\t<\/div>\n\t\t\t\t\t\t\t<\/div>\n\t\t<\/section>\n\t\t\t\t<section class=\"elementor-section elementor-top-section elementor-element elementor-element-59d5434 elementor-section-boxed elementor-section-height-default elementor-section-height-default\" data-id=\"59d5434\" data-element_type=\"section\">\n\t\t\t\t\t\t<div class=\"elementor-container elementor-column-gap-default\">\n\t\t\t\t\t<div class=\"elementor-column elementor-col-100 elementor-top-column elementor-element elementor-element-26cb775\" data-id=\"26cb775\" data-element_type=\"column\">\n\t\t\t<div class=\"elementor-widget-wrap elementor-element-populated\">\n\t\t\t\t\t\t\t\t<div class=\"elementor-element elementor-element-62f2db3 elementor-widget elementor-widget-button\" data-id=\"62f2db3\" data-element_type=\"widget\" data-widget_type=\"button.default\">\n\t\t\t\t<div class=\"elementor-widget-container\">\n\t\t\t\t\t<div class=\"elementor-button-wrapper\">\n\t\t\t<a href=\"http:\/\/wp10561429.server-he.de\/index.php\/projekte\/\" class=\"elementor-button-link elementor-button elementor-size-sm\" role=\"button\">\n\t\t\t\t\t\t<span class=\"elementor-button-content-wrapper\">\n\t\t\t\t\t\t<span class=\"elementor-button-text\">Zur\u00fcck zur Projekt\u00fcbersicht<\/span>\n\t\t<\/span>\n\t\t\t\t\t<\/a>\n\t\t<\/div>\n\t\t\t\t<\/div>\n\t\t\t\t<\/div>\n\t\t\t\t\t<\/div>\n\t\t<\/div>\n\t\t\t\t\t\t\t<\/div>\n\t\t<\/section>\n\t\t\t\t\t\t<\/div>\n\t\t\t\t\t<\/div>\n\t\t","protected":false},"excerpt":{"rendered":"<p>KFZ Werkst\u00e4tte Haueis | N\u00fcziders Zur\u00fcck zur Projekt\u00fcbersicht<\/p>\n","protected":false},"author":1,"featured_media":0,"parent":0,"menu_order":0,"comment_status":"closed","ping_status":"closed","template":"","meta":{"footnotes":""},"class_list":["post-1280","page","type-page","status-publish","hentry"],"yoast_head":"<!-- This site is optimized with the Yoast SEO plugin v17.7.1 - https:\/\/yoast.com\/wordpress\/plugins\/seo\/ -->\n<title>KFZ Wekst\u00e4tte | N\u00fctziders - Coractur - Projektentwicklung<\/title>\n<meta name=\"robots\" content=\"index, follow, max-snippet:-1, max-image-preview:large, max-video-preview:-1\" \/>\n<link rel=\"canonical\" href=\"http:\/\/wp10561429.server-he.de\/index.php\/kfz-wekstaette-nuetziders\/\" \/>\n<meta property=\"og:locale\" content=\"de_DE\" \/>\n<meta property=\"og:type\" content=\"article\" \/>\n<meta property=\"og:title\" content=\"KFZ Wekst\u00e4tte | N\u00fctziders - Coractur - Projektentwicklung\" \/>\n<meta property=\"og:description\" content=\"KFZ Werkst\u00e4tte Haueis | N\u00fcziders Zur\u00fcck zur Projekt\u00fcbersicht\" \/>\n<meta property=\"og:url\" content=\"http:\/\/wp10561429.server-he.de\/index.php\/kfz-wekstaette-nuetziders\/\" \/>\n<meta property=\"og:site_name\" content=\"Coractur - Projektentwicklung\" \/>\n<meta property=\"article:modified_time\" content=\"2021-12-01T16:17:56+00:00\" \/>\n<meta property=\"og:image\" content=\"http:\/\/wp10561429.server-he.de\/wp-content\/uploads\/2021\/12\/01.2-Lageplan-150x150.jpg\" \/>\n<meta name=\"twitter:card\" content=\"summary_large_image\" \/>\n<script type=\"application\/ld+json\" class=\"yoast-schema-graph\">{\"@context\":\"https:\/\/schema.org\",\"@graph\":[{\"@type\":\"WebSite\",\"@id\":\"http:\/\/wp10561429.server-he.de\/#website\",\"url\":\"http:\/\/wp10561429.server-he.de\/\",\"name\":\"Coractur - Projektentwicklung\",\"description\":\"Cornelius Architektur\",\"potentialAction\":[{\"@type\":\"SearchAction\",\"target\":{\"@type\":\"EntryPoint\",\"urlTemplate\":\"http:\/\/wp10561429.server-he.de\/?s={search_term_string}\"},\"query-input\":\"required name=search_term_string\"}],\"inLanguage\":\"de\"},{\"@type\":\"ImageObject\",\"@id\":\"http:\/\/wp10561429.server-he.de\/index.php\/kfz-wekstaette-nuetziders\/#primaryimage\",\"inLanguage\":\"de\",\"url\":\"http:\/\/wp10561429.server-he.de\/wp-content\/uploads\/2021\/12\/01.2-Lageplan.jpg\",\"contentUrl\":\"http:\/\/wp10561429.server-he.de\/wp-content\/uploads\/2021\/12\/01.2-Lageplan.jpg\",\"width\":1920,\"height\":1350},{\"@type\":\"WebPage\",\"@id\":\"http:\/\/wp10561429.server-he.de\/index.php\/kfz-wekstaette-nuetziders\/#webpage\",\"url\":\"http:\/\/wp10561429.server-he.de\/index.php\/kfz-wekstaette-nuetziders\/\",\"name\":\"KFZ Wekst\\u00e4tte | N\\u00fctziders - Coractur - Projektentwicklung\",\"isPartOf\":{\"@id\":\"http:\/\/wp10561429.server-he.de\/#website\"},\"primaryImageOfPage\":{\"@id\":\"http:\/\/wp10561429.server-he.de\/index.php\/kfz-wekstaette-nuetziders\/#primaryimage\"},\"datePublished\":\"2021-12-01T16:15:07+00:00\",\"dateModified\":\"2021-12-01T16:17:56+00:00\",\"breadcrumb\":{\"@id\":\"http:\/\/wp10561429.server-he.de\/index.php\/kfz-wekstaette-nuetziders\/#breadcrumb\"},\"inLanguage\":\"de\",\"potentialAction\":[{\"@type\":\"ReadAction\",\"target\":[\"http:\/\/wp10561429.server-he.de\/index.php\/kfz-wekstaette-nuetziders\/\"]}]},{\"@type\":\"BreadcrumbList\",\"@id\":\"http:\/\/wp10561429.server-he.de\/index.php\/kfz-wekstaette-nuetziders\/#breadcrumb\",\"itemListElement\":[{\"@type\":\"ListItem\",\"position\":1,\"name\":\"Startseite\",\"item\":\"http:\/\/wp10561429.server-he.de\/\"},{\"@type\":\"ListItem\",\"position\":2,\"name\":\"KFZ Wekst\\u00e4tte | N\\u00fctziders\"}]}]}<\/script>\n<!-- \/ Yoast SEO plugin. -->","yoast_head_json":{"title":"KFZ Wekst\u00e4tte | N\u00fctziders - Coractur - Projektentwicklung","robots":{"index":"index","follow":"follow","max-snippet":"max-snippet:-1","max-image-preview":"max-image-preview:large","max-video-preview":"max-video-preview:-1"},"canonical":"http:\/\/wp10561429.server-he.de\/index.php\/kfz-wekstaette-nuetziders\/","og_locale":"de_DE","og_type":"article","og_title":"KFZ Wekst\u00e4tte | N\u00fctziders - Coractur - Projektentwicklung","og_description":"KFZ Werkst\u00e4tte Haueis | N\u00fcziders Zur\u00fcck zur Projekt\u00fcbersicht","og_url":"http:\/\/wp10561429.server-he.de\/index.php\/kfz-wekstaette-nuetziders\/","og_site_name":"Coractur - Projektentwicklung","article_modified_time":"2021-12-01T16:17:56+00:00","og_image":[{"url":"http:\/\/wp10561429.server-he.de\/wp-content\/uploads\/2021\/12\/01.2-Lageplan-150x150.jpg"}],"twitter_card":"summary_large_image","schema":{"@context":"https:\/\/schema.org","@graph":[{"@type":"WebSite","@id":"http:\/\/wp10561429.server-he.de\/#website","url":"http:\/\/wp10561429.server-he.de\/","name":"Coractur - Projektentwicklung","description":"Cornelius Architektur","potentialAction":[{"@type":"SearchAction","target":{"@type":"EntryPoint","urlTemplate":"http:\/\/wp10561429.server-he.de\/?s={search_term_string}"},"query-input":"required name=search_term_string"}],"inLanguage":"de"},{"@type":"ImageObject","@id":"http:\/\/wp10561429.server-he.de\/index.php\/kfz-wekstaette-nuetziders\/#primaryimage","inLanguage":"de","url":"http:\/\/wp10561429.server-he.de\/wp-content\/uploads\/2021\/12\/01.2-Lageplan.jpg","contentUrl":"http:\/\/wp10561429.server-he.de\/wp-content\/uploads\/2021\/12\/01.2-Lageplan.jpg","width":1920,"height":1350},{"@type":"WebPage","@id":"http:\/\/wp10561429.server-he.de\/index.php\/kfz-wekstaette-nuetziders\/#webpage","url":"http:\/\/wp10561429.server-he.de\/index.php\/kfz-wekstaette-nuetziders\/","name":"KFZ Wekst\u00e4tte | N\u00fctziders - Coractur - Projektentwicklung","isPartOf":{"@id":"http:\/\/wp10561429.server-he.de\/#website"},"primaryImageOfPage":{"@id":"http:\/\/wp10561429.server-he.de\/index.php\/kfz-wekstaette-nuetziders\/#primaryimage"},"datePublished":"2021-12-01T16:15:07+00:00","dateModified":"2021-12-01T16:17:56+00:00","breadcrumb":{"@id":"http:\/\/wp10561429.server-he.de\/index.php\/kfz-wekstaette-nuetziders\/#breadcrumb"},"inLanguage":"de","potentialAction":[{"@type":"ReadAction","target":["http:\/\/wp10561429.server-he.de\/index.php\/kfz-wekstaette-nuetziders\/"]}]},{"@type":"BreadcrumbList","@id":"http:\/\/wp10561429.server-he.de\/index.php\/kfz-wekstaette-nuetziders\/#breadcrumb","itemListElement":[{"@type":"ListItem","position":1,"name":"Startseite","item":"http:\/\/wp10561429.server-he.de\/"},{"@type":"ListItem","position":2,"name":"KFZ Wekst\u00e4tte | N\u00fctziders"}]}]}},"_links":{"self":[{"href":"http:\/\/wp10561429.server-he.de\/index.php\/wp-json\/wp\/v2\/pages\/1280","targetHints":{"allow":["GET"]}}],"collection":[{"href":"http:\/\/wp10561429.server-he.de\/index.php\/wp-json\/wp\/v2\/pages"}],"about":[{"href":"http:\/\/wp10561429.server-he.de\/index.php\/wp-json\/wp\/v2\/types\/page"}],"author":[{"embeddable":true,"href":"http:\/\/wp10561429.server-he.de\/index.php\/wp-json\/wp\/v2\/users\/1"}],"replies":[{"embeddable":true,"href":"http:\/\/wp10561429.server-he.de\/index.php\/wp-json\/wp\/v2\/comments?post=1280"}],"version-history":[{"count":4,"href":"http:\/\/wp10561429.server-he.de\/index.php\/wp-json\/wp\/v2\/pages\/1280\/revisions"}],"predecessor-version":[{"id":1295,"href":"http:\/\/wp10561429.server-he.de\/index.php\/wp-json\/wp\/v2\/pages\/1280\/revisions\/1295"}],"wp:attachment":[{"href":"http:\/\/wp10561429.server-he.de\/index.php\/wp-json\/wp\/v2\/media?parent=1280"}],"curies":[{"name":"wp","href":"https:\/\/api.w.org\/{rel}","templated":true}]}}