{"id":1052,"date":"2021-12-01T13:29:02","date_gmt":"2021-12-01T12:29:02","guid":{"rendered":"http:\/\/wp10561429.server-he.de\/?page_id=1052"},"modified":"2021-12-01T13:32:38","modified_gmt":"2021-12-01T12:32:38","slug":"chris-kercmar-altenstadt","status":"publish","type":"page","link":"http:\/\/wp10561429.server-he.de\/index.php\/chris-kercmar-altenstadt\/","title":{"rendered":"Chris Kercmar | Altenstadt"},"content":{"rendered":"\t\t<div data-elementor-type=\"wp-page\" data-elementor-id=\"1052\" class=\"elementor elementor-1052\" data-elementor-settings=\"[]\">\n\t\t\t\t\t\t\t<div class=\"elementor-section-wrap\">\n\t\t\t\t\t\t\t<section class=\"elementor-section elementor-top-section elementor-element elementor-element-2eec431 elementor-section-boxed elementor-section-height-default elementor-section-height-default\" data-id=\"2eec431\" data-element_type=\"section\">\n\t\t\t\t\t\t<div class=\"elementor-container elementor-column-gap-default\">\n\t\t\t\t\t<div class=\"elementor-column elementor-col-100 elementor-top-column elementor-element elementor-element-64c4ce3\" data-id=\"64c4ce3\" data-element_type=\"column\">\n\t\t\t<div class=\"elementor-widget-wrap elementor-element-populated\">\n\t\t\t\t\t\t\t\t<div class=\"elementor-element elementor-element-eaf08f4 elementor-widget elementor-widget-heading\" data-id=\"eaf08f4\" data-element_type=\"widget\" data-widget_type=\"heading.default\">\n\t\t\t\t<div class=\"elementor-widget-container\">\n\t\t\t<h2 class=\"elementor-heading-title elementor-size-default\">Chris Kercmar | Altenstadt<\/h2>\t\t<\/div>\n\t\t\t\t<\/div>\n\t\t\t\t\t<\/div>\n\t\t<\/div>\n\t\t\t\t\t\t\t<\/div>\n\t\t<\/section>\n\t\t\t\t<section class=\"elementor-section elementor-top-section elementor-element elementor-element-87cbfe8 elementor-section-boxed elementor-section-height-default elementor-section-height-default\" data-id=\"87cbfe8\" data-element_type=\"section\">\n\t\t\t\t\t\t<div class=\"elementor-container elementor-column-gap-default\">\n\t\t\t\t\t<div class=\"elementor-column elementor-col-100 elementor-top-column elementor-element elementor-element-952ecee\" data-id=\"952ecee\" data-element_type=\"column\">\n\t\t\t<div class=\"elementor-widget-wrap elementor-element-populated\">\n\t\t\t\t\t\t\t\t<div class=\"elementor-element elementor-element-73ea572 elementor-widget-divider--view-line elementor-widget elementor-widget-divider\" data-id=\"73ea572\" data-element_type=\"widget\" data-widget_type=\"divider.default\">\n\t\t\t\t<div class=\"elementor-widget-container\">\n\t\t\t\t\t<div class=\"elementor-divider\">\n\t\t\t<span class=\"elementor-divider-separator\">\n\t\t\t\t\t\t<\/span>\n\t\t<\/div>\n\t\t\t\t<\/div>\n\t\t\t\t<\/div>\n\t\t\t\t\t<\/div>\n\t\t<\/div>\n\t\t\t\t\t\t\t<\/div>\n\t\t<\/section>\n\t\t\t\t<section class=\"elementor-section elementor-top-section elementor-element elementor-element-a119dad elementor-section-boxed elementor-section-height-default elementor-section-height-default\" data-id=\"a119dad\" data-element_type=\"section\">\n\t\t\t\t\t\t<div class=\"elementor-container elementor-column-gap-default\">\n\t\t\t\t\t<div class=\"elementor-column elementor-col-100 elementor-top-column elementor-element elementor-element-52a380a\" data-id=\"52a380a\" data-element_type=\"column\">\n\t\t\t<div class=\"elementor-widget-wrap elementor-element-populated\">\n\t\t\t\t\t\t\t\t<div class=\"elementor-element elementor-element-2afe3fb elementor-widget elementor-widget-text-editor\" data-id=\"2afe3fb\" data-element_type=\"widget\" data-widget_type=\"text-editor.default\">\n\t\t\t\t<div class=\"elementor-widget-container\">\n\t\t\t\t\t\t\t<h4 class=\"paragraph_style_6\">Die Bauaufgabe:<\/h4><p class=\"paragraph_style_6\"><br \/>Umbau eines 60 er Jahrehauses zu einem zeitgem\u00e4ssen Geb\u00e4ude.<\/p><p class=\"paragraph_style_7\">Im Obergescho\u00df befindet sich eine Einheit f\u00fcr den Bauherrn mit einer gro\u00dfz\u00fcgigen Terrasse.<\/p><p class=\"paragraph_style_7\" style=\"padding-bottom: 0pt;\">Die Energieversorgung erfolgt mittels verschiedener regenerativen Energieerzeugung und Gas.<\/p>\t\t\t\t\t\t<\/div>\n\t\t\t\t<\/div>\n\t\t\t\t\t<\/div>\n\t\t<\/div>\n\t\t\t\t\t\t\t<\/div>\n\t\t<\/section>\n\t\t\t\t<section class=\"elementor-section elementor-top-section elementor-element elementor-element-4dcb45a elementor-section-boxed elementor-section-height-default elementor-section-height-default\" data-id=\"4dcb45a\" data-element_type=\"section\">\n\t\t\t\t\t\t<div class=\"elementor-container elementor-column-gap-default\">\n\t\t\t\t\t<div class=\"elementor-column elementor-col-100 elementor-top-column elementor-element elementor-element-43be0db\" data-id=\"43be0db\" data-element_type=\"column\">\n\t\t\t<div class=\"elementor-widget-wrap elementor-element-populated\">\n\t\t\t\t\t\t\t\t<div class=\"elementor-element elementor-element-51357f7 elementor-widget-divider--view-line elementor-widget elementor-widget-divider\" data-id=\"51357f7\" data-element_type=\"widget\" data-widget_type=\"divider.default\">\n\t\t\t\t<div class=\"elementor-widget-container\">\n\t\t\t\t\t<div class=\"elementor-divider\">\n\t\t\t<span class=\"elementor-divider-separator\">\n\t\t\t\t\t\t<\/span>\n\t\t<\/div>\n\t\t\t\t<\/div>\n\t\t\t\t<\/div>\n\t\t\t\t\t<\/div>\n\t\t<\/div>\n\t\t\t\t\t\t\t<\/div>\n\t\t<\/section>\n\t\t\t\t<section class=\"elementor-section elementor-top-section elementor-element elementor-element-886d49c elementor-section-boxed elementor-section-height-default elementor-section-height-default\" data-id=\"886d49c\" data-element_type=\"section\">\n\t\t\t\t\t\t<div class=\"elementor-container elementor-column-gap-default\">\n\t\t\t\t\t<div class=\"elementor-column elementor-col-100 elementor-top-column elementor-element elementor-element-4e47012\" data-id=\"4e47012\" data-element_type=\"column\">\n\t\t\t<div class=\"elementor-widget-wrap elementor-element-populated\">\n\t\t\t\t\t\t\t\t<div class=\"elementor-element elementor-element-c04e9cd elementor-widget elementor-widget-image-gallery\" data-id=\"c04e9cd\" data-element_type=\"widget\" data-widget_type=\"image-gallery.default\">\n\t\t\t\t<div class=\"elementor-widget-container\">\n\t\t\t\t\t<div class=\"elementor-image-gallery\">\n\t\t\t\n\t\t<style type=\"text\/css\">\n\t\t\t#gallery-1 {\n\t\t\t\tmargin: auto;\n\t\t\t}\n\t\t\t#gallery-1 .gallery-item {\n\t\t\t\tfloat: left;\n\t\t\t\tmargin-top: 10px;\n\t\t\t\ttext-align: center;\n\t\t\t\twidth: 25%;\n\t\t\t}\n\t\t\t#gallery-1 img {\n\t\t\t\tborder: 2px solid #cfcfcf;\n\t\t\t}\n\t\t\t#gallery-1 .gallery-caption {\n\t\t\t\tmargin-left: 0;\n\t\t\t}\n\t\t\t\/* see gallery_shortcode() in wp-includes\/media.php *\/\n\t\t<\/style>\n\t\t<div id='gallery-1' class='gallery galleryid-1052 gallery-columns-4 gallery-size-thumbnail'><dl class='gallery-item'>\n\t\t\t<dt class='gallery-icon landscape'>\n\t\t\t\t<a data-elementor-open-lightbox=\"yes\" data-elementor-lightbox-slideshow=\"c04e9cd\" data-elementor-lightbox-title=\"01 1. 1. OG\" href='http:\/\/wp10561429.server-he.de\/wp-content\/uploads\/2021\/12\/01-1.-1.-OG.jpg'><img loading=\"lazy\" decoding=\"async\" width=\"150\" height=\"150\" src=\"http:\/\/wp10561429.server-he.de\/wp-content\/uploads\/2021\/12\/01-1.-1.-OG-150x150.jpg\" class=\"attachment-thumbnail size-thumbnail\" alt=\"\" \/><\/a>\n\t\t\t<\/dt><\/dl><dl class='gallery-item'>\n\t\t\t<dt class='gallery-icon landscape'>\n\t\t\t\t<a data-elementor-open-lightbox=\"yes\" data-elementor-lightbox-slideshow=\"c04e9cd\" data-elementor-lightbox-title=\"1\" href='http:\/\/wp10561429.server-he.de\/wp-content\/uploads\/2021\/12\/1-10.jpg'><img loading=\"lazy\" decoding=\"async\" width=\"150\" height=\"150\" src=\"http:\/\/wp10561429.server-he.de\/wp-content\/uploads\/2021\/12\/1-10-150x150.jpg\" class=\"attachment-thumbnail size-thumbnail\" alt=\"\" \/><\/a>\n\t\t\t<\/dt><\/dl><dl class='gallery-item'>\n\t\t\t<dt class='gallery-icon landscape'>\n\t\t\t\t<a data-elementor-open-lightbox=\"yes\" data-elementor-lightbox-slideshow=\"c04e9cd\" data-elementor-lightbox-title=\"1_1\" href='http:\/\/wp10561429.server-he.de\/wp-content\/uploads\/2021\/12\/1_1-2.jpg'><img loading=\"lazy\" decoding=\"async\" width=\"150\" height=\"150\" src=\"http:\/\/wp10561429.server-he.de\/wp-content\/uploads\/2021\/12\/1_1-2-150x150.jpg\" class=\"attachment-thumbnail size-thumbnail\" alt=\"\" \/><\/a>\n\t\t\t<\/dt><\/dl><dl class='gallery-item'>\n\t\t\t<dt class='gallery-icon landscape'>\n\t\t\t\t<a data-elementor-open-lightbox=\"yes\" data-elementor-lightbox-slideshow=\"c04e9cd\" data-elementor-lightbox-title=\"2\" href='http:\/\/wp10561429.server-he.de\/wp-content\/uploads\/2021\/12\/2-10.jpg'><img loading=\"lazy\" decoding=\"async\" width=\"150\" height=\"150\" src=\"http:\/\/wp10561429.server-he.de\/wp-content\/uploads\/2021\/12\/2-10-150x150.jpg\" class=\"attachment-thumbnail size-thumbnail\" alt=\"\" \/><\/a>\n\t\t\t<\/dt><\/dl><br style=\"clear: both\" \/><dl class='gallery-item'>\n\t\t\t<dt class='gallery-icon landscape'>\n\t\t\t\t<a data-elementor-open-lightbox=\"yes\" data-elementor-lightbox-slideshow=\"c04e9cd\" data-elementor-lightbox-title=\"3\" href='http:\/\/wp10561429.server-he.de\/wp-content\/uploads\/2021\/12\/3-11.jpg'><img loading=\"lazy\" decoding=\"async\" width=\"150\" height=\"150\" src=\"http:\/\/wp10561429.server-he.de\/wp-content\/uploads\/2021\/12\/3-11-150x150.jpg\" class=\"attachment-thumbnail size-thumbnail\" alt=\"\" \/><\/a>\n\t\t\t<\/dt><\/dl><dl class='gallery-item'>\n\t\t\t<dt class='gallery-icon landscape'>\n\t\t\t\t<a data-elementor-open-lightbox=\"yes\" data-elementor-lightbox-slideshow=\"c04e9cd\" data-elementor-lightbox-title=\"3_1\" href='http:\/\/wp10561429.server-he.de\/wp-content\/uploads\/2021\/12\/3_1.jpg'><img loading=\"lazy\" decoding=\"async\" width=\"150\" height=\"150\" src=\"http:\/\/wp10561429.server-he.de\/wp-content\/uploads\/2021\/12\/3_1-150x150.jpg\" class=\"attachment-thumbnail size-thumbnail\" alt=\"\" \/><\/a>\n\t\t\t<\/dt><\/dl><dl class='gallery-item'>\n\t\t\t<dt class='gallery-icon landscape'>\n\t\t\t\t<a data-elementor-open-lightbox=\"yes\" data-elementor-lightbox-slideshow=\"c04e9cd\" data-elementor-lightbox-title=\"4\" href='http:\/\/wp10561429.server-he.de\/wp-content\/uploads\/2021\/12\/4-8.jpg'><img loading=\"lazy\" decoding=\"async\" width=\"150\" height=\"150\" src=\"http:\/\/wp10561429.server-he.de\/wp-content\/uploads\/2021\/12\/4-8-150x150.jpg\" class=\"attachment-thumbnail size-thumbnail\" alt=\"\" \/><\/a>\n\t\t\t<\/dt><\/dl><dl class='gallery-item'>\n\t\t\t<dt class='gallery-icon landscape'>\n\t\t\t\t<a data-elementor-open-lightbox=\"yes\" data-elementor-lightbox-slideshow=\"c04e9cd\" data-elementor-lightbox-title=\"6\" href='http:\/\/wp10561429.server-he.de\/wp-content\/uploads\/2021\/12\/6-3.jpg'><img loading=\"lazy\" decoding=\"async\" width=\"150\" height=\"150\" src=\"http:\/\/wp10561429.server-he.de\/wp-content\/uploads\/2021\/12\/6-3-150x150.jpg\" class=\"attachment-thumbnail size-thumbnail\" alt=\"\" \/><\/a>\n\t\t\t<\/dt><\/dl><br style=\"clear: both\" \/>\n\t\t<\/div>\n\t\t<\/div>\n\t\t\t\t<\/div>\n\t\t\t\t<\/div>\n\t\t\t\t\t<\/div>\n\t\t<\/div>\n\t\t\t\t\t\t\t<\/div>\n\t\t<\/section>\n\t\t\t\t<section class=\"elementor-section elementor-top-section elementor-element elementor-element-60fd3f7 elementor-section-boxed elementor-section-height-default elementor-section-height-default\" data-id=\"60fd3f7\" data-element_type=\"section\">\n\t\t\t\t\t\t<div class=\"elementor-container elementor-column-gap-default\">\n\t\t\t\t\t<div class=\"elementor-column elementor-col-100 elementor-top-column elementor-element elementor-element-9b4acba\" data-id=\"9b4acba\" data-element_type=\"column\">\n\t\t\t<div class=\"elementor-widget-wrap elementor-element-populated\">\n\t\t\t\t\t\t\t\t<div class=\"elementor-element elementor-element-f55c676 elementor-widget-divider--view-line elementor-widget elementor-widget-divider\" data-id=\"f55c676\" data-element_type=\"widget\" data-widget_type=\"divider.default\">\n\t\t\t\t<div class=\"elementor-widget-container\">\n\t\t\t\t\t<div class=\"elementor-divider\">\n\t\t\t<span class=\"elementor-divider-separator\">\n\t\t\t\t\t\t<\/span>\n\t\t<\/div>\n\t\t\t\t<\/div>\n\t\t\t\t<\/div>\n\t\t\t\t\t<\/div>\n\t\t<\/div>\n\t\t\t\t\t\t\t<\/div>\n\t\t<\/section>\n\t\t\t\t<section class=\"elementor-section elementor-top-section elementor-element elementor-element-8487fb5 elementor-section-boxed elementor-section-height-default elementor-section-height-default\" data-id=\"8487fb5\" data-element_type=\"section\">\n\t\t\t\t\t\t<div class=\"elementor-container elementor-column-gap-default\">\n\t\t\t\t\t<div class=\"elementor-column elementor-col-100 elementor-top-column elementor-element elementor-element-fd3f013\" data-id=\"fd3f013\" data-element_type=\"column\">\n\t\t\t<div class=\"elementor-widget-wrap elementor-element-populated\">\n\t\t\t\t\t\t\t\t<div class=\"elementor-element elementor-element-2b2f77a elementor-widget elementor-widget-button\" data-id=\"2b2f77a\" data-element_type=\"widget\" data-widget_type=\"button.default\">\n\t\t\t\t<div class=\"elementor-widget-container\">\n\t\t\t\t\t<div class=\"elementor-button-wrapper\">\n\t\t\t<a href=\"http:\/\/wp10561429.server-he.de\/index.php\/projekte\/\" class=\"elementor-button-link elementor-button elementor-size-sm\" role=\"button\">\n\t\t\t\t\t\t<span class=\"elementor-button-content-wrapper\">\n\t\t\t\t\t\t<span class=\"elementor-button-text\">Zur\u00fcck zur Projekt\u00fcbersicht<\/span>\n\t\t<\/span>\n\t\t\t\t\t<\/a>\n\t\t<\/div>\n\t\t\t\t<\/div>\n\t\t\t\t<\/div>\n\t\t\t\t\t<\/div>\n\t\t<\/div>\n\t\t\t\t\t\t\t<\/div>\n\t\t<\/section>\n\t\t\t\t\t\t<\/div>\n\t\t\t\t\t<\/div>\n\t\t","protected":false},"excerpt":{"rendered":"<p>Chris Kercmar | Altenstadt Die Bauaufgabe: Umbau eines 60 er Jahrehauses zu einem zeitgem\u00e4ssen Geb\u00e4ude. Im Obergescho\u00df befindet sich eine Einheit f\u00fcr den Bauherrn mit einer gro\u00dfz\u00fcgigen Terrasse. Die Energieversorgung erfolgt mittels verschiedener regenerativen Energieerzeugung und Gas. Zur\u00fcck zur Projekt\u00fcbersicht<\/p>\n","protected":false},"author":1,"featured_media":0,"parent":0,"menu_order":0,"comment_status":"closed","ping_status":"closed","template":"","meta":{"footnotes":""},"class_list":["post-1052","page","type-page","status-publish","hentry"],"yoast_head":"<!-- This site is optimized with the Yoast SEO plugin v17.7.1 - https:\/\/yoast.com\/wordpress\/plugins\/seo\/ -->\n<title>Chris Kercmar | Altenstadt - Coractur - Projektentwicklung<\/title>\n<meta name=\"robots\" content=\"index, follow, max-snippet:-1, max-image-preview:large, max-video-preview:-1\" \/>\n<link rel=\"canonical\" href=\"http:\/\/wp10561429.server-he.de\/index.php\/chris-kercmar-altenstadt\/\" \/>\n<meta property=\"og:locale\" content=\"de_DE\" \/>\n<meta property=\"og:type\" content=\"article\" \/>\n<meta property=\"og:title\" content=\"Chris Kercmar | Altenstadt - Coractur - Projektentwicklung\" \/>\n<meta property=\"og:description\" content=\"Chris Kercmar | Altenstadt Die Bauaufgabe: Umbau eines 60 er Jahrehauses zu einem zeitgem\u00e4ssen Geb\u00e4ude. Im Obergescho\u00df befindet sich eine Einheit f\u00fcr den Bauherrn mit einer gro\u00dfz\u00fcgigen Terrasse. Die Energieversorgung erfolgt mittels verschiedener regenerativen Energieerzeugung und Gas. Zur\u00fcck zur Projekt\u00fcbersicht\" \/>\n<meta property=\"og:url\" content=\"http:\/\/wp10561429.server-he.de\/index.php\/chris-kercmar-altenstadt\/\" \/>\n<meta property=\"og:site_name\" content=\"Coractur - Projektentwicklung\" \/>\n<meta property=\"article:modified_time\" content=\"2021-12-01T12:32:38+00:00\" \/>\n<meta property=\"og:image\" content=\"http:\/\/wp10561429.server-he.de\/wp-content\/uploads\/2021\/12\/01-1.-1.-OG-150x150.jpg\" \/>\n<meta name=\"twitter:card\" content=\"summary_large_image\" \/>\n<script type=\"application\/ld+json\" class=\"yoast-schema-graph\">{\"@context\":\"https:\/\/schema.org\",\"@graph\":[{\"@type\":\"WebSite\",\"@id\":\"http:\/\/wp10561429.server-he.de\/#website\",\"url\":\"http:\/\/wp10561429.server-he.de\/\",\"name\":\"Coractur - Projektentwicklung\",\"description\":\"Cornelius Architektur\",\"potentialAction\":[{\"@type\":\"SearchAction\",\"target\":{\"@type\":\"EntryPoint\",\"urlTemplate\":\"http:\/\/wp10561429.server-he.de\/?s={search_term_string}\"},\"query-input\":\"required name=search_term_string\"}],\"inLanguage\":\"de\"},{\"@type\":\"ImageObject\",\"@id\":\"http:\/\/wp10561429.server-he.de\/index.php\/chris-kercmar-altenstadt\/#primaryimage\",\"inLanguage\":\"de\",\"url\":\"http:\/\/wp10561429.server-he.de\/wp-content\/uploads\/2021\/12\/01-1.-1.-OG.jpg\",\"contentUrl\":\"http:\/\/wp10561429.server-he.de\/wp-content\/uploads\/2021\/12\/01-1.-1.-OG.jpg\",\"width\":600,\"height\":425},{\"@type\":\"WebPage\",\"@id\":\"http:\/\/wp10561429.server-he.de\/index.php\/chris-kercmar-altenstadt\/#webpage\",\"url\":\"http:\/\/wp10561429.server-he.de\/index.php\/chris-kercmar-altenstadt\/\",\"name\":\"Chris Kercmar | Altenstadt - Coractur - Projektentwicklung\",\"isPartOf\":{\"@id\":\"http:\/\/wp10561429.server-he.de\/#website\"},\"primaryImageOfPage\":{\"@id\":\"http:\/\/wp10561429.server-he.de\/index.php\/chris-kercmar-altenstadt\/#primaryimage\"},\"datePublished\":\"2021-12-01T12:29:02+00:00\",\"dateModified\":\"2021-12-01T12:32:38+00:00\",\"breadcrumb\":{\"@id\":\"http:\/\/wp10561429.server-he.de\/index.php\/chris-kercmar-altenstadt\/#breadcrumb\"},\"inLanguage\":\"de\",\"potentialAction\":[{\"@type\":\"ReadAction\",\"target\":[\"http:\/\/wp10561429.server-he.de\/index.php\/chris-kercmar-altenstadt\/\"]}]},{\"@type\":\"BreadcrumbList\",\"@id\":\"http:\/\/wp10561429.server-he.de\/index.php\/chris-kercmar-altenstadt\/#breadcrumb\",\"itemListElement\":[{\"@type\":\"ListItem\",\"position\":1,\"name\":\"Startseite\",\"item\":\"http:\/\/wp10561429.server-he.de\/\"},{\"@type\":\"ListItem\",\"position\":2,\"name\":\"Chris Kercmar | Altenstadt\"}]}]}<\/script>\n<!-- \/ Yoast SEO plugin. -->","yoast_head_json":{"title":"Chris Kercmar | Altenstadt - Coractur - Projektentwicklung","robots":{"index":"index","follow":"follow","max-snippet":"max-snippet:-1","max-image-preview":"max-image-preview:large","max-video-preview":"max-video-preview:-1"},"canonical":"http:\/\/wp10561429.server-he.de\/index.php\/chris-kercmar-altenstadt\/","og_locale":"de_DE","og_type":"article","og_title":"Chris Kercmar | Altenstadt - Coractur - Projektentwicklung","og_description":"Chris Kercmar | Altenstadt Die Bauaufgabe: Umbau eines 60 er Jahrehauses zu einem zeitgem\u00e4ssen Geb\u00e4ude. Im Obergescho\u00df befindet sich eine Einheit f\u00fcr den Bauherrn mit einer gro\u00dfz\u00fcgigen Terrasse. Die Energieversorgung erfolgt mittels verschiedener regenerativen Energieerzeugung und Gas. Zur\u00fcck zur Projekt\u00fcbersicht","og_url":"http:\/\/wp10561429.server-he.de\/index.php\/chris-kercmar-altenstadt\/","og_site_name":"Coractur - Projektentwicklung","article_modified_time":"2021-12-01T12:32:38+00:00","og_image":[{"url":"http:\/\/wp10561429.server-he.de\/wp-content\/uploads\/2021\/12\/01-1.-1.-OG-150x150.jpg"}],"twitter_card":"summary_large_image","schema":{"@context":"https:\/\/schema.org","@graph":[{"@type":"WebSite","@id":"http:\/\/wp10561429.server-he.de\/#website","url":"http:\/\/wp10561429.server-he.de\/","name":"Coractur - Projektentwicklung","description":"Cornelius Architektur","potentialAction":[{"@type":"SearchAction","target":{"@type":"EntryPoint","urlTemplate":"http:\/\/wp10561429.server-he.de\/?s={search_term_string}"},"query-input":"required name=search_term_string"}],"inLanguage":"de"},{"@type":"ImageObject","@id":"http:\/\/wp10561429.server-he.de\/index.php\/chris-kercmar-altenstadt\/#primaryimage","inLanguage":"de","url":"http:\/\/wp10561429.server-he.de\/wp-content\/uploads\/2021\/12\/01-1.-1.-OG.jpg","contentUrl":"http:\/\/wp10561429.server-he.de\/wp-content\/uploads\/2021\/12\/01-1.-1.-OG.jpg","width":600,"height":425},{"@type":"WebPage","@id":"http:\/\/wp10561429.server-he.de\/index.php\/chris-kercmar-altenstadt\/#webpage","url":"http:\/\/wp10561429.server-he.de\/index.php\/chris-kercmar-altenstadt\/","name":"Chris Kercmar | Altenstadt - Coractur - Projektentwicklung","isPartOf":{"@id":"http:\/\/wp10561429.server-he.de\/#website"},"primaryImageOfPage":{"@id":"http:\/\/wp10561429.server-he.de\/index.php\/chris-kercmar-altenstadt\/#primaryimage"},"datePublished":"2021-12-01T12:29:02+00:00","dateModified":"2021-12-01T12:32:38+00:00","breadcrumb":{"@id":"http:\/\/wp10561429.server-he.de\/index.php\/chris-kercmar-altenstadt\/#breadcrumb"},"inLanguage":"de","potentialAction":[{"@type":"ReadAction","target":["http:\/\/wp10561429.server-he.de\/index.php\/chris-kercmar-altenstadt\/"]}]},{"@type":"BreadcrumbList","@id":"http:\/\/wp10561429.server-he.de\/index.php\/chris-kercmar-altenstadt\/#breadcrumb","itemListElement":[{"@type":"ListItem","position":1,"name":"Startseite","item":"http:\/\/wp10561429.server-he.de\/"},{"@type":"ListItem","position":2,"name":"Chris Kercmar | Altenstadt"}]}]}},"_links":{"self":[{"href":"http:\/\/wp10561429.server-he.de\/index.php\/wp-json\/wp\/v2\/pages\/1052","targetHints":{"allow":["GET"]}}],"collection":[{"href":"http:\/\/wp10561429.server-he.de\/index.php\/wp-json\/wp\/v2\/pages"}],"about":[{"href":"http:\/\/wp10561429.server-he.de\/index.php\/wp-json\/wp\/v2\/types\/page"}],"author":[{"embeddable":true,"href":"http:\/\/wp10561429.server-he.de\/index.php\/wp-json\/wp\/v2\/users\/1"}],"replies":[{"embeddable":true,"href":"http:\/\/wp10561429.server-he.de\/index.php\/wp-json\/wp\/v2\/comments?post=1052"}],"version-history":[{"count":4,"href":"http:\/\/wp10561429.server-he.de\/index.php\/wp-json\/wp\/v2\/pages\/1052\/revisions"}],"predecessor-version":[{"id":1064,"href":"http:\/\/wp10561429.server-he.de\/index.php\/wp-json\/wp\/v2\/pages\/1052\/revisions\/1064"}],"wp:attachment":[{"href":"http:\/\/wp10561429.server-he.de\/index.php\/wp-json\/wp\/v2\/media?parent=1052"}],"curies":[{"name":"wp","href":"https:\/\/api.w.org\/{rel}","templated":true}]}}