{"id":1006,"date":"2021-12-01T13:05:53","date_gmt":"2021-12-01T12:05:53","guid":{"rendered":"http:\/\/wp10561429.server-he.de\/?page_id=1006"},"modified":"2021-12-01T13:09:16","modified_gmt":"2021-12-01T12:09:16","slug":"ferienwohnanlage-au","status":"publish","type":"page","link":"http:\/\/wp10561429.server-he.de\/index.php\/ferienwohnanlage-au\/","title":{"rendered":"Ferienwohnanlage | Au"},"content":{"rendered":"\t\t<div data-elementor-type=\"wp-page\" data-elementor-id=\"1006\" class=\"elementor elementor-1006\" data-elementor-settings=\"[]\">\n\t\t\t\t\t\t\t<div class=\"elementor-section-wrap\">\n\t\t\t\t\t\t\t<section class=\"elementor-section elementor-top-section elementor-element elementor-element-f7a2676 elementor-section-boxed elementor-section-height-default elementor-section-height-default\" data-id=\"f7a2676\" data-element_type=\"section\">\n\t\t\t\t\t\t<div class=\"elementor-container elementor-column-gap-default\">\n\t\t\t\t\t<div class=\"elementor-column elementor-col-100 elementor-top-column elementor-element elementor-element-1800b4c\" data-id=\"1800b4c\" data-element_type=\"column\">\n\t\t\t<div class=\"elementor-widget-wrap elementor-element-populated\">\n\t\t\t\t\t\t\t\t<div class=\"elementor-element elementor-element-8eef449 elementor-widget elementor-widget-heading\" data-id=\"8eef449\" data-element_type=\"widget\" data-widget_type=\"heading.default\">\n\t\t\t\t<div class=\"elementor-widget-container\">\n\t\t\t<h2 class=\"elementor-heading-title elementor-size-default\">Ferienwohnanlage | Au<\/h2>\t\t<\/div>\n\t\t\t\t<\/div>\n\t\t\t\t\t<\/div>\n\t\t<\/div>\n\t\t\t\t\t\t\t<\/div>\n\t\t<\/section>\n\t\t\t\t<section class=\"elementor-section elementor-top-section elementor-element elementor-element-52cebbc elementor-section-boxed elementor-section-height-default elementor-section-height-default\" data-id=\"52cebbc\" data-element_type=\"section\">\n\t\t\t\t\t\t<div class=\"elementor-container elementor-column-gap-default\">\n\t\t\t\t\t<div class=\"elementor-column elementor-col-100 elementor-top-column elementor-element elementor-element-2416d35\" data-id=\"2416d35\" data-element_type=\"column\">\n\t\t\t<div class=\"elementor-widget-wrap elementor-element-populated\">\n\t\t\t\t\t\t\t\t<div class=\"elementor-element elementor-element-0bf096e elementor-widget-divider--view-line elementor-widget elementor-widget-divider\" data-id=\"0bf096e\" data-element_type=\"widget\" data-widget_type=\"divider.default\">\n\t\t\t\t<div class=\"elementor-widget-container\">\n\t\t\t\t\t<div class=\"elementor-divider\">\n\t\t\t<span class=\"elementor-divider-separator\">\n\t\t\t\t\t\t<\/span>\n\t\t<\/div>\n\t\t\t\t<\/div>\n\t\t\t\t<\/div>\n\t\t\t\t\t<\/div>\n\t\t<\/div>\n\t\t\t\t\t\t\t<\/div>\n\t\t<\/section>\n\t\t\t\t<section class=\"elementor-section elementor-top-section elementor-element elementor-element-339e8de elementor-section-boxed elementor-section-height-default elementor-section-height-default\" data-id=\"339e8de\" data-element_type=\"section\">\n\t\t\t\t\t\t<div class=\"elementor-container elementor-column-gap-default\">\n\t\t\t\t\t<div class=\"elementor-column elementor-col-100 elementor-top-column elementor-element elementor-element-7b55f68\" data-id=\"7b55f68\" data-element_type=\"column\">\n\t\t\t<div class=\"elementor-widget-wrap elementor-element-populated\">\n\t\t\t\t\t\t\t\t<div class=\"elementor-element elementor-element-364a76a elementor-widget elementor-widget-text-editor\" data-id=\"364a76a\" data-element_type=\"widget\" data-widget_type=\"text-editor.default\">\n\t\t\t\t<div class=\"elementor-widget-container\">\n\t\t\t\t\t\t\t<div id=\"id3\" class=\"style_SkipStroke shape-with-text\"><div class=\"text-content graphic_textbox_layout_style_default_External_1366_209\"><div class=\"graphic_textbox_layout_style_default\"><h4 class=\"paragraph_style_5\">Die Bauaufgabe:<br \/><br \/><\/h4><p class=\"paragraph_style_5\">Errichtung von 11 hochwertigen Ferienwohnungen in traditoneller Bauweise.<\/p><p class=\"paragraph_style_5\">Das Grundst\u00fcck hat ca. 735 qm<\/p><p class=\"paragraph_style_5\">Die einzelnen Einheiten werden \u00fcber eine offene Treppe und eine Aufzugsanlage und den umlaufenden Balkon erschlossen.<\/p><p class=\"paragraph_style_5\">Der Grundriss des Bauk\u00f6rpers ist rechteckig, 19.00 m x 15,50 m<\/p><p class=\"paragraph_style_5\">Die Materialien nehmen traditionelle Bez\u00fcge auf und verkn\u00fcpfen sie mit Elementen des modernen Vorarlberger Baustils.<\/p><p class=\"paragraph_style_5\">Das Sklelett des Hauses ist auf Holzziegel basierend.<\/p><p class=\"paragraph_style_5\">Die 10 Stellpl\u00e4tze befinden sich unterirdisch in einer Tiefgaragen in der Anlage, im Freibereich werden weitere Stellpl\u00e4tze f\u00fcr Besucher geschaffen<\/p><p class=\"paragraph_style_5\">Im 2. Obergescho\u00df befindet sich eine Wohneinheit f\u00fcr den Bauherrn mit Balkon.<\/p><p class=\"paragraph_style_5\">Die Energieversorgung erfolgt mittels verschiedener regenerativen Energieerzeugung und Gas.<\/p><\/div><\/div><\/div>\t\t\t\t\t\t<\/div>\n\t\t\t\t<\/div>\n\t\t\t\t\t<\/div>\n\t\t<\/div>\n\t\t\t\t\t\t\t<\/div>\n\t\t<\/section>\n\t\t\t\t<section class=\"elementor-section elementor-top-section elementor-element elementor-element-71c8d5d elementor-section-boxed elementor-section-height-default elementor-section-height-default\" data-id=\"71c8d5d\" data-element_type=\"section\">\n\t\t\t\t\t\t<div class=\"elementor-container elementor-column-gap-default\">\n\t\t\t\t\t<div class=\"elementor-column elementor-col-100 elementor-top-column elementor-element elementor-element-920aed2\" data-id=\"920aed2\" data-element_type=\"column\">\n\t\t\t<div class=\"elementor-widget-wrap elementor-element-populated\">\n\t\t\t\t\t\t\t\t<div class=\"elementor-element elementor-element-3a449e6 elementor-widget-divider--view-line elementor-widget elementor-widget-divider\" data-id=\"3a449e6\" data-element_type=\"widget\" data-widget_type=\"divider.default\">\n\t\t\t\t<div class=\"elementor-widget-container\">\n\t\t\t\t\t<div class=\"elementor-divider\">\n\t\t\t<span class=\"elementor-divider-separator\">\n\t\t\t\t\t\t<\/span>\n\t\t<\/div>\n\t\t\t\t<\/div>\n\t\t\t\t<\/div>\n\t\t\t\t\t<\/div>\n\t\t<\/div>\n\t\t\t\t\t\t\t<\/div>\n\t\t<\/section>\n\t\t\t\t<section class=\"elementor-section elementor-top-section elementor-element elementor-element-d5d7f80 elementor-section-boxed elementor-section-height-default elementor-section-height-default\" data-id=\"d5d7f80\" data-element_type=\"section\">\n\t\t\t\t\t\t<div class=\"elementor-container elementor-column-gap-default\">\n\t\t\t\t\t<div class=\"elementor-column elementor-col-100 elementor-top-column elementor-element elementor-element-5aabbbd\" data-id=\"5aabbbd\" data-element_type=\"column\">\n\t\t\t<div class=\"elementor-widget-wrap elementor-element-populated\">\n\t\t\t\t\t\t\t\t<div class=\"elementor-element elementor-element-32d0732 elementor-widget elementor-widget-image-gallery\" data-id=\"32d0732\" data-element_type=\"widget\" data-widget_type=\"image-gallery.default\">\n\t\t\t\t<div class=\"elementor-widget-container\">\n\t\t\t\t\t<div class=\"elementor-image-gallery\">\n\t\t\t\n\t\t<style type=\"text\/css\">\n\t\t\t#gallery-1 {\n\t\t\t\tmargin: auto;\n\t\t\t}\n\t\t\t#gallery-1 .gallery-item {\n\t\t\t\tfloat: left;\n\t\t\t\tmargin-top: 10px;\n\t\t\t\ttext-align: center;\n\t\t\t\twidth: 25%;\n\t\t\t}\n\t\t\t#gallery-1 img {\n\t\t\t\tborder: 2px solid #cfcfcf;\n\t\t\t}\n\t\t\t#gallery-1 .gallery-caption {\n\t\t\t\tmargin-left: 0;\n\t\t\t}\n\t\t\t\/* see gallery_shortcode() in wp-includes\/media.php *\/\n\t\t<\/style>\n\t\t<div id='gallery-1' class='gallery galleryid-1006 gallery-columns-4 gallery-size-thumbnail'><dl class='gallery-item'>\n\t\t\t<dt class='gallery-icon landscape'>\n\t\t\t\t<a data-elementor-open-lightbox=\"yes\" data-elementor-lightbox-slideshow=\"32d0732\" data-elementor-lightbox-title=\"01 1. EG\" href='http:\/\/wp10561429.server-he.de\/wp-content\/uploads\/2021\/12\/01-1.-EG-1.jpg'><img loading=\"lazy\" decoding=\"async\" width=\"150\" height=\"150\" src=\"http:\/\/wp10561429.server-he.de\/wp-content\/uploads\/2021\/12\/01-1.-EG-1-150x150.jpg\" class=\"attachment-thumbnail size-thumbnail\" alt=\"\" \/><\/a>\n\t\t\t<\/dt><\/dl><dl class='gallery-item'>\n\t\t\t<dt class='gallery-icon landscape'>\n\t\t\t\t<a data-elementor-open-lightbox=\"yes\" data-elementor-lightbox-slideshow=\"32d0732\" data-elementor-lightbox-title=\"1\" href='http:\/\/wp10561429.server-he.de\/wp-content\/uploads\/2021\/12\/1-8.jpg'><img loading=\"lazy\" decoding=\"async\" width=\"150\" height=\"150\" src=\"http:\/\/wp10561429.server-he.de\/wp-content\/uploads\/2021\/12\/1-8-150x150.jpg\" class=\"attachment-thumbnail size-thumbnail\" alt=\"\" \/><\/a>\n\t\t\t<\/dt><\/dl><dl class='gallery-item'>\n\t\t\t<dt class='gallery-icon landscape'>\n\t\t\t\t<a data-elementor-open-lightbox=\"yes\" data-elementor-lightbox-slideshow=\"32d0732\" data-elementor-lightbox-title=\"02 TG\" href='http:\/\/wp10561429.server-he.de\/wp-content\/uploads\/2021\/12\/02-TG.jpg'><img loading=\"lazy\" decoding=\"async\" width=\"150\" height=\"150\" src=\"http:\/\/wp10561429.server-he.de\/wp-content\/uploads\/2021\/12\/02-TG-150x150.jpg\" class=\"attachment-thumbnail size-thumbnail\" alt=\"\" \/><\/a>\n\t\t\t<\/dt><\/dl><dl class='gallery-item'>\n\t\t\t<dt class='gallery-icon landscape'>\n\t\t\t\t<a data-elementor-open-lightbox=\"yes\" data-elementor-lightbox-slideshow=\"32d0732\" data-elementor-lightbox-title=\"2\" href='http:\/\/wp10561429.server-he.de\/wp-content\/uploads\/2021\/12\/2-8.jpg'><img loading=\"lazy\" decoding=\"async\" width=\"150\" height=\"150\" src=\"http:\/\/wp10561429.server-he.de\/wp-content\/uploads\/2021\/12\/2-8-150x150.jpg\" class=\"attachment-thumbnail size-thumbnail\" alt=\"\" \/><\/a>\n\t\t\t<\/dt><\/dl><br style=\"clear: both\" \/><dl class='gallery-item'>\n\t\t\t<dt class='gallery-icon landscape'>\n\t\t\t\t<a data-elementor-open-lightbox=\"yes\" data-elementor-lightbox-slideshow=\"32d0732\" data-elementor-lightbox-title=\"3\" href='http:\/\/wp10561429.server-he.de\/wp-content\/uploads\/2021\/12\/3-9.jpg'><img loading=\"lazy\" decoding=\"async\" width=\"150\" height=\"150\" src=\"http:\/\/wp10561429.server-he.de\/wp-content\/uploads\/2021\/12\/3-9-150x150.jpg\" class=\"attachment-thumbnail size-thumbnail\" alt=\"\" \/><\/a>\n\t\t\t<\/dt><\/dl><dl class='gallery-item'>\n\t\t\t<dt class='gallery-icon landscape'>\n\t\t\t\t<a data-elementor-open-lightbox=\"yes\" data-elementor-lightbox-slideshow=\"32d0732\" data-elementor-lightbox-title=\"04 1. OG\" href='http:\/\/wp10561429.server-he.de\/wp-content\/uploads\/2021\/12\/04-1.-OG-1.jpg'><img loading=\"lazy\" decoding=\"async\" width=\"150\" height=\"150\" src=\"http:\/\/wp10561429.server-he.de\/wp-content\/uploads\/2021\/12\/04-1.-OG-1-150x150.jpg\" class=\"attachment-thumbnail size-thumbnail\" alt=\"\" \/><\/a>\n\t\t\t<\/dt><\/dl><dl class='gallery-item'>\n\t\t\t<dt class='gallery-icon landscape'>\n\t\t\t\t<a data-elementor-open-lightbox=\"yes\" data-elementor-lightbox-slideshow=\"32d0732\" data-elementor-lightbox-title=\"4\" href='http:\/\/wp10561429.server-he.de\/wp-content\/uploads\/2021\/12\/4-6.jpg'><img loading=\"lazy\" decoding=\"async\" width=\"150\" height=\"150\" src=\"http:\/\/wp10561429.server-he.de\/wp-content\/uploads\/2021\/12\/4-6-150x150.jpg\" class=\"attachment-thumbnail size-thumbnail\" alt=\"\" \/><\/a>\n\t\t\t<\/dt><\/dl><dl class='gallery-item'>\n\t\t\t<dt class='gallery-icon landscape'>\n\t\t\t\t<a data-elementor-open-lightbox=\"yes\" data-elementor-lightbox-slideshow=\"32d0732\" data-elementor-lightbox-title=\"05 2. OG\" href='http:\/\/wp10561429.server-he.de\/wp-content\/uploads\/2021\/12\/05-2.-OG.jpg'><img loading=\"lazy\" decoding=\"async\" width=\"150\" height=\"150\" src=\"http:\/\/wp10561429.server-he.de\/wp-content\/uploads\/2021\/12\/05-2.-OG-150x150.jpg\" class=\"attachment-thumbnail size-thumbnail\" alt=\"\" \/><\/a>\n\t\t\t<\/dt><\/dl><br style=\"clear: both\" \/>\n\t\t<\/div>\n\t\t<\/div>\n\t\t\t\t<\/div>\n\t\t\t\t<\/div>\n\t\t\t\t\t<\/div>\n\t\t<\/div>\n\t\t\t\t\t\t\t<\/div>\n\t\t<\/section>\n\t\t\t\t<section class=\"elementor-section elementor-top-section elementor-element elementor-element-09c2733 elementor-section-boxed elementor-section-height-default elementor-section-height-default\" data-id=\"09c2733\" data-element_type=\"section\">\n\t\t\t\t\t\t<div class=\"elementor-container elementor-column-gap-default\">\n\t\t\t\t\t<div class=\"elementor-column elementor-col-100 elementor-top-column elementor-element elementor-element-0a7a576\" data-id=\"0a7a576\" data-element_type=\"column\">\n\t\t\t<div class=\"elementor-widget-wrap elementor-element-populated\">\n\t\t\t\t\t\t\t\t<div class=\"elementor-element elementor-element-053ab52 elementor-widget-divider--view-line elementor-widget elementor-widget-divider\" data-id=\"053ab52\" data-element_type=\"widget\" data-widget_type=\"divider.default\">\n\t\t\t\t<div class=\"elementor-widget-container\">\n\t\t\t\t\t<div class=\"elementor-divider\">\n\t\t\t<span class=\"elementor-divider-separator\">\n\t\t\t\t\t\t<\/span>\n\t\t<\/div>\n\t\t\t\t<\/div>\n\t\t\t\t<\/div>\n\t\t\t\t\t<\/div>\n\t\t<\/div>\n\t\t\t\t\t\t\t<\/div>\n\t\t<\/section>\n\t\t\t\t<section class=\"elementor-section elementor-top-section elementor-element elementor-element-7b385d5 elementor-section-boxed elementor-section-height-default elementor-section-height-default\" data-id=\"7b385d5\" data-element_type=\"section\">\n\t\t\t\t\t\t<div class=\"elementor-container elementor-column-gap-default\">\n\t\t\t\t\t<div class=\"elementor-column elementor-col-100 elementor-top-column elementor-element elementor-element-21902e8\" data-id=\"21902e8\" data-element_type=\"column\">\n\t\t\t<div class=\"elementor-widget-wrap elementor-element-populated\">\n\t\t\t\t\t\t\t\t<div class=\"elementor-element elementor-element-a0d4bda elementor-widget elementor-widget-button\" data-id=\"a0d4bda\" data-element_type=\"widget\" data-widget_type=\"button.default\">\n\t\t\t\t<div class=\"elementor-widget-container\">\n\t\t\t\t\t<div class=\"elementor-button-wrapper\">\n\t\t\t<a href=\"http:\/\/wp10561429.server-he.de\/index.php\/projekte\/\" class=\"elementor-button-link elementor-button elementor-size-sm\" role=\"button\">\n\t\t\t\t\t\t<span class=\"elementor-button-content-wrapper\">\n\t\t\t\t\t\t<span class=\"elementor-button-text\">Zur\u00fcck zur Projekt\u00fcbersicht<\/span>\n\t\t<\/span>\n\t\t\t\t\t<\/a>\n\t\t<\/div>\n\t\t\t\t<\/div>\n\t\t\t\t<\/div>\n\t\t\t\t\t<\/div>\n\t\t<\/div>\n\t\t\t\t\t\t\t<\/div>\n\t\t<\/section>\n\t\t\t\t<section class=\"elementor-section elementor-top-section elementor-element elementor-element-e65efb1 elementor-section-boxed elementor-section-height-default elementor-section-height-default\" data-id=\"e65efb1\" data-element_type=\"section\">\n\t\t\t\t\t\t<div class=\"elementor-container elementor-column-gap-default\">\n\t\t\t\t\t<div class=\"elementor-column elementor-col-100 elementor-top-column elementor-element elementor-element-346f4d4\" data-id=\"346f4d4\" data-element_type=\"column\">\n\t\t\t<div class=\"elementor-widget-wrap\">\n\t\t\t\t\t\t\t\t\t<\/div>\n\t\t<\/div>\n\t\t\t\t\t\t\t<\/div>\n\t\t<\/section>\n\t\t\t\t\t\t<\/div>\n\t\t\t\t\t<\/div>\n\t\t","protected":false},"excerpt":{"rendered":"<p>Ferienwohnanlage | Au Die Bauaufgabe: Errichtung von 11 hochwertigen Ferienwohnungen in traditoneller Bauweise. Das Grundst\u00fcck hat ca. 735 qm Die einzelnen Einheiten werden \u00fcber eine offene Treppe und eine Aufzugsanlage und den umlaufenden Balkon erschlossen. Der Grundriss des Bauk\u00f6rpers ist rechteckig, 19.00 m x 15,50 m Die Materialien nehmen traditionelle Bez\u00fcge auf und verkn\u00fcpfen sie [&hellip;]<\/p>\n","protected":false},"author":1,"featured_media":0,"parent":0,"menu_order":0,"comment_status":"closed","ping_status":"closed","template":"","meta":{"footnotes":""},"class_list":["post-1006","page","type-page","status-publish","hentry"],"yoast_head":"<!-- This site is optimized with the Yoast SEO plugin v17.7.1 - https:\/\/yoast.com\/wordpress\/plugins\/seo\/ -->\n<title>Ferienwohnanlage | Au - Coractur - Projektentwicklung<\/title>\n<meta name=\"robots\" content=\"index, follow, max-snippet:-1, max-image-preview:large, max-video-preview:-1\" \/>\n<link rel=\"canonical\" href=\"http:\/\/wp10561429.server-he.de\/index.php\/ferienwohnanlage-au\/\" \/>\n<meta property=\"og:locale\" content=\"de_DE\" \/>\n<meta property=\"og:type\" content=\"article\" \/>\n<meta property=\"og:title\" content=\"Ferienwohnanlage | Au - Coractur - Projektentwicklung\" \/>\n<meta property=\"og:description\" content=\"Ferienwohnanlage | Au Die Bauaufgabe: Errichtung von 11 hochwertigen Ferienwohnungen in traditoneller Bauweise. Das Grundst\u00fcck hat ca. 735 qm Die einzelnen Einheiten werden \u00fcber eine offene Treppe und eine Aufzugsanlage und den umlaufenden Balkon erschlossen. Der Grundriss des Bauk\u00f6rpers ist rechteckig, 19.00 m x 15,50 m Die Materialien nehmen traditionelle Bez\u00fcge auf und verkn\u00fcpfen sie [&hellip;]\" \/>\n<meta property=\"og:url\" content=\"http:\/\/wp10561429.server-he.de\/index.php\/ferienwohnanlage-au\/\" \/>\n<meta property=\"og:site_name\" content=\"Coractur - Projektentwicklung\" \/>\n<meta property=\"article:modified_time\" content=\"2021-12-01T12:09:16+00:00\" \/>\n<meta property=\"og:image\" content=\"http:\/\/wp10561429.server-he.de\/wp-content\/uploads\/2021\/12\/01-1.-EG-1-150x150.jpg\" \/>\n<meta name=\"twitter:card\" content=\"summary_large_image\" \/>\n<meta name=\"twitter:label1\" content=\"Gesch\u00e4tzte Lesezeit\" \/>\n\t<meta name=\"twitter:data1\" content=\"1\u00a0Minute\" \/>\n<script type=\"application\/ld+json\" class=\"yoast-schema-graph\">{\"@context\":\"https:\/\/schema.org\",\"@graph\":[{\"@type\":\"WebSite\",\"@id\":\"http:\/\/wp10561429.server-he.de\/#website\",\"url\":\"http:\/\/wp10561429.server-he.de\/\",\"name\":\"Coractur - Projektentwicklung\",\"description\":\"Cornelius Architektur\",\"potentialAction\":[{\"@type\":\"SearchAction\",\"target\":{\"@type\":\"EntryPoint\",\"urlTemplate\":\"http:\/\/wp10561429.server-he.de\/?s={search_term_string}\"},\"query-input\":\"required name=search_term_string\"}],\"inLanguage\":\"de\"},{\"@type\":\"ImageObject\",\"@id\":\"http:\/\/wp10561429.server-he.de\/index.php\/ferienwohnanlage-au\/#primaryimage\",\"inLanguage\":\"de\",\"url\":\"http:\/\/wp10561429.server-he.de\/wp-content\/uploads\/2021\/12\/01-1.-EG-1.jpg\",\"contentUrl\":\"http:\/\/wp10561429.server-he.de\/wp-content\/uploads\/2021\/12\/01-1.-EG-1.jpg\",\"width\":600,\"height\":425},{\"@type\":\"WebPage\",\"@id\":\"http:\/\/wp10561429.server-he.de\/index.php\/ferienwohnanlage-au\/#webpage\",\"url\":\"http:\/\/wp10561429.server-he.de\/index.php\/ferienwohnanlage-au\/\",\"name\":\"Ferienwohnanlage | Au - Coractur - Projektentwicklung\",\"isPartOf\":{\"@id\":\"http:\/\/wp10561429.server-he.de\/#website\"},\"primaryImageOfPage\":{\"@id\":\"http:\/\/wp10561429.server-he.de\/index.php\/ferienwohnanlage-au\/#primaryimage\"},\"datePublished\":\"2021-12-01T12:05:53+00:00\",\"dateModified\":\"2021-12-01T12:09:16+00:00\",\"breadcrumb\":{\"@id\":\"http:\/\/wp10561429.server-he.de\/index.php\/ferienwohnanlage-au\/#breadcrumb\"},\"inLanguage\":\"de\",\"potentialAction\":[{\"@type\":\"ReadAction\",\"target\":[\"http:\/\/wp10561429.server-he.de\/index.php\/ferienwohnanlage-au\/\"]}]},{\"@type\":\"BreadcrumbList\",\"@id\":\"http:\/\/wp10561429.server-he.de\/index.php\/ferienwohnanlage-au\/#breadcrumb\",\"itemListElement\":[{\"@type\":\"ListItem\",\"position\":1,\"name\":\"Startseite\",\"item\":\"http:\/\/wp10561429.server-he.de\/\"},{\"@type\":\"ListItem\",\"position\":2,\"name\":\"Ferienwohnanlage | Au\"}]}]}<\/script>\n<!-- \/ Yoast SEO plugin. -->","yoast_head_json":{"title":"Ferienwohnanlage | Au - Coractur - Projektentwicklung","robots":{"index":"index","follow":"follow","max-snippet":"max-snippet:-1","max-image-preview":"max-image-preview:large","max-video-preview":"max-video-preview:-1"},"canonical":"http:\/\/wp10561429.server-he.de\/index.php\/ferienwohnanlage-au\/","og_locale":"de_DE","og_type":"article","og_title":"Ferienwohnanlage | Au - Coractur - Projektentwicklung","og_description":"Ferienwohnanlage | Au Die Bauaufgabe: Errichtung von 11 hochwertigen Ferienwohnungen in traditoneller Bauweise. Das Grundst\u00fcck hat ca. 735 qm Die einzelnen Einheiten werden \u00fcber eine offene Treppe und eine Aufzugsanlage und den umlaufenden Balkon erschlossen. Der Grundriss des Bauk\u00f6rpers ist rechteckig, 19.00 m x 15,50 m Die Materialien nehmen traditionelle Bez\u00fcge auf und verkn\u00fcpfen sie [&hellip;]","og_url":"http:\/\/wp10561429.server-he.de\/index.php\/ferienwohnanlage-au\/","og_site_name":"Coractur - Projektentwicklung","article_modified_time":"2021-12-01T12:09:16+00:00","og_image":[{"url":"http:\/\/wp10561429.server-he.de\/wp-content\/uploads\/2021\/12\/01-1.-EG-1-150x150.jpg"}],"twitter_card":"summary_large_image","twitter_misc":{"Gesch\u00e4tzte Lesezeit":"1\u00a0Minute"},"schema":{"@context":"https:\/\/schema.org","@graph":[{"@type":"WebSite","@id":"http:\/\/wp10561429.server-he.de\/#website","url":"http:\/\/wp10561429.server-he.de\/","name":"Coractur - Projektentwicklung","description":"Cornelius Architektur","potentialAction":[{"@type":"SearchAction","target":{"@type":"EntryPoint","urlTemplate":"http:\/\/wp10561429.server-he.de\/?s={search_term_string}"},"query-input":"required name=search_term_string"}],"inLanguage":"de"},{"@type":"ImageObject","@id":"http:\/\/wp10561429.server-he.de\/index.php\/ferienwohnanlage-au\/#primaryimage","inLanguage":"de","url":"http:\/\/wp10561429.server-he.de\/wp-content\/uploads\/2021\/12\/01-1.-EG-1.jpg","contentUrl":"http:\/\/wp10561429.server-he.de\/wp-content\/uploads\/2021\/12\/01-1.-EG-1.jpg","width":600,"height":425},{"@type":"WebPage","@id":"http:\/\/wp10561429.server-he.de\/index.php\/ferienwohnanlage-au\/#webpage","url":"http:\/\/wp10561429.server-he.de\/index.php\/ferienwohnanlage-au\/","name":"Ferienwohnanlage | Au - Coractur - Projektentwicklung","isPartOf":{"@id":"http:\/\/wp10561429.server-he.de\/#website"},"primaryImageOfPage":{"@id":"http:\/\/wp10561429.server-he.de\/index.php\/ferienwohnanlage-au\/#primaryimage"},"datePublished":"2021-12-01T12:05:53+00:00","dateModified":"2021-12-01T12:09:16+00:00","breadcrumb":{"@id":"http:\/\/wp10561429.server-he.de\/index.php\/ferienwohnanlage-au\/#breadcrumb"},"inLanguage":"de","potentialAction":[{"@type":"ReadAction","target":["http:\/\/wp10561429.server-he.de\/index.php\/ferienwohnanlage-au\/"]}]},{"@type":"BreadcrumbList","@id":"http:\/\/wp10561429.server-he.de\/index.php\/ferienwohnanlage-au\/#breadcrumb","itemListElement":[{"@type":"ListItem","position":1,"name":"Startseite","item":"http:\/\/wp10561429.server-he.de\/"},{"@type":"ListItem","position":2,"name":"Ferienwohnanlage | Au"}]}]}},"_links":{"self":[{"href":"http:\/\/wp10561429.server-he.de\/index.php\/wp-json\/wp\/v2\/pages\/1006","targetHints":{"allow":["GET"]}}],"collection":[{"href":"http:\/\/wp10561429.server-he.de\/index.php\/wp-json\/wp\/v2\/pages"}],"about":[{"href":"http:\/\/wp10561429.server-he.de\/index.php\/wp-json\/wp\/v2\/types\/page"}],"author":[{"embeddable":true,"href":"http:\/\/wp10561429.server-he.de\/index.php\/wp-json\/wp\/v2\/users\/1"}],"replies":[{"embeddable":true,"href":"http:\/\/wp10561429.server-he.de\/index.php\/wp-json\/wp\/v2\/comments?post=1006"}],"version-history":[{"count":4,"href":"http:\/\/wp10561429.server-he.de\/index.php\/wp-json\/wp\/v2\/pages\/1006\/revisions"}],"predecessor-version":[{"id":1018,"href":"http:\/\/wp10561429.server-he.de\/index.php\/wp-json\/wp\/v2\/pages\/1006\/revisions\/1018"}],"wp:attachment":[{"href":"http:\/\/wp10561429.server-he.de\/index.php\/wp-json\/wp\/v2\/media?parent=1006"}],"curies":[{"name":"wp","href":"https:\/\/api.w.org\/{rel}","templated":true}]}}